{"id":3799,"date":"2024-04-28T14:25:40","date_gmt":"2024-04-28T14:25:40","guid":{"rendered":"https:\/\/old.hamsatech-eg.com\/?post_type=product&#038;p=3799"},"modified":"2024-04-28T14:33:54","modified_gmt":"2024-04-28T14:33:54","slug":"ds-7732nxi-k4-hikvision-nvr","status":"publish","type":"product","link":"https:\/\/old.hamsatech-eg.com\/?product=ds-7732nxi-k4-hikvision-nvr","title":{"rendered":"DS-7732NXI-K4 hikvision NVR"},"content":{"rendered":"<p><strong><a href=\"https:\/\/www.hikvision.com\/content\/dam\/hikvision\/products\/S000000001\/S000000132\/S000000007\/S000000026\/OFR031212\/M000059583\/Data_Sheet\/Datasheet-of-DS-7732NXI-K4_V4.74.000_20230104.pdf\"><img decoding=\"async\" class=\"alignnone wp-image-3802\" src=\"https:\/\/old.hamsatech-eg.com\/wp-content\/uploads\/2024\/04\/spreadsheet_3833286-300x300.png\" alt=\"\" width=\"30\" height=\"30\" srcset=\"https:\/\/old.hamsatech-eg.com\/wp-content\/uploads\/2024\/04\/spreadsheet_3833286-300x300.png 300w, https:\/\/old.hamsatech-eg.com\/wp-content\/uploads\/2024\/04\/spreadsheet_3833286-100x100.png 100w, https:\/\/old.hamsatech-eg.com\/wp-content\/uploads\/2024\/04\/spreadsheet_3833286-150x150.png 150w, https:\/\/old.hamsatech-eg.com\/wp-content\/uploads\/2024\/04\/spreadsheet_3833286.png 512w\" sizes=\"(max-width: 30px) 100vw, 30px\" \/> Datasheet<\/a><\/strong><\/p>\n<p>\uf06e Specification<br \/>\nIntelligent Analytics<br \/>\nAI by Device Facial recognition, perimeter protection, motion detection 2.0<br \/>\nAI by Camera<br \/>\nFacial recognition, perimeter protection, video structuralization, throwing objects<br \/>\nfrom building, motion detection 2.0, VCA<br \/>\nFacial Recognition<br \/>\nFacial Detection and Analytics Face picture comparison, human face capture, face picture search<br \/>\nFace Picture Library<br \/>\nUp to 16 face picture libraries, with up to 20,000 face pictures in total (each picture<br \/>\n\u2264 4 MB, total capacity \u2264 1 GB)<br \/>\nFacial Detection and Analytics<br \/>\nPerformance<br \/>\n1-ch, 8 MP<br \/>\nFace Picture Comparison 4-ch face picture comparison alarm<br \/>\nMotion Detection 2.0<br \/>\nBy Device All channels, up to 4 MP (when enhanced SVC mode is enabled, up to 8 MP)<br \/>\nBy Camera All channels<br \/>\nPerimeter Protection<br \/>\nBy Device<br \/>\nUp to 2-ch 4 MP (HD network camera, H.264\/H.265) video analysis for human and<br \/>\nvehicle recognition to reduce false alarm<br \/>\nBy Camera All channels<br \/>\nVideo and Audio<br \/>\nIP Video Input 32-ch<br \/>\nIncoming Bandwidth 256 Mbps<br \/>\nOutgoing Bandwidth 160 Mbps<br \/>\nHDMI Output<br \/>\n1-ch, 4K (3840 \u00d7 2160)\/30Hz, 2K (2560 \u00d7 1440)\/60Hz, 1920 \u00d7 1080\/60Hz, 1600 \u00d7<br \/>\n1200\/60Hz, 1280 \u00d7 1024\/60Hz, 1280 \u00d7 720\/60Hz, 1024 \u00d7 768\/60Hz<br \/>\nVGA Output 1-ch, 1920 \u00d7 1080\/60Hz, 1280 \u00d7 1024\/60Hz, 1280 \u00d7 720\/60Hz<br \/>\nVideo Output Mode HDMI\/VGA independent output<br \/>\nCVBS Output N\/A<br \/>\nAudio Output 1-ch, RCA (Linear, 1 K\u03a9)<br \/>\nTwo-Way Audio 1-ch, RCA (2.0 Vp-p, 1 K\u03a9, using the audio input )<br \/>\nDecoding<br \/>\nDecoding Format H.265\/H.265+\/H.264+\/H.264<br \/>\nRecording Resolution<br \/>\n12 MP\/8 MP\/6 MP\/5 MP\/4 MP\/3 MP\/1080p\/UXGA\/<br \/>\n720p\/VGA\/4CIF\/DCIF\/2CIF\/CIF\/QCIF<br \/>\nSynchronous playback 16-ch<br \/>\nDecoding Capability<br \/>\nAI on: 1-ch@12 MP (30 fps)\/2-ch@8 MP (30 fps)\/4-ch@4 MP (30 fps)\/8-ch@1080p<br \/>\n(30 fps)<br \/>\nAI off: 2-ch@12 MP (30 fps)\/3-ch@8 MP (30 fps)\/6-ch@4 MP (30 fps)\/12-ch@1080p<br \/>\n(30 fps)<br \/>\nStream Type Video, Video &amp; Audio<br \/>\nAudio Compression G.711ulaw\/G.711alaw\/G.722\/G.726\/AAC<br \/>\nNetwork<br \/>\nRemote Connection 128<br \/>\nAPI ONVIF (profile S\/G); SDK; ISAPI<br \/>\nCompatible Browser IE11, Chrome V57, Firefox V52, Safari V12, Edge V89, or above version<br \/>\nNetwork Protocol<br \/>\nTCP\/IP, DHCP, IPv4, IPv6, DNS, DDNS, NTP, RTSP, SADP, SMTP, SNMP, NFS, iSCSI, ISUP,<br \/>\nUPnP\u2122, HTTP, HTTPS<br \/>\nNetwork Interface 2 RJ-45 10\/100\/1000 Mbps self-adaptive Ethernet interfaces<br \/>\nAuxiliary Interface<br \/>\nSATA 4 SATA interfaces<br \/>\nCapacity Up to 10 TB capacity for each HDD<br \/>\nSerial Interface 2 RS-485 (half-duplex), 1 RS-232<br \/>\nAlarm In\/Out 16\/4 (16\/9 is optional)<br \/>\nUSB Interface Front panel: 2 \u00d7 USB 2.0; Rear panel: 1 \u00d7 USB 3.0<br \/>\nCtrl 12V N\/A (optional to support)<br \/>\nDC 12V N\/A (optional to support)<br \/>\nGeneral<br \/>\nGUI Language<br \/>\nEnglish, Russian, Bulgarian, Hungarian, Greek, German, Italian, Czech, Slovak,<br \/>\nFrench, Polish, Dutch, Portuguese, Spanish, Romanian, Turkish, Japanese, Danish,<br \/>\nSwedish Language, Norwegian, Finnish, Korean, Traditional Chinese, Thai, Estonian,<br \/>\nVietnamese, Croatian, Slovenian, Serbian, Latvian, Lithuanian, Uzbek, Kazakh,<br \/>\nArabic, Ukrainian, Kyrgyz , Brazilian Portuguese, Indonesian<br \/>\nPower Supply 100 to 240 VAC, 50 to 60Hz<br \/>\nConsumption \u2264 20 W (without HDD)<br \/>\nWorking Temperature -10 \u00b0C to 55 \u00b0C (14 \u00b0F to 131 \u00b0F)<br \/>\nWorking Humidity 10 to 90 %<br \/>\nDimension (W \u00d7 D \u00d7 H) 445 \u00d7 400 \u00d7 75 mm ( 17.5&#8243;\u00d7 15.7&#8243; \u00d7 3.0&#8243;)<br \/>\nWeight \u2264 5 kg (without HDD, 11 lb.)<br \/>\nCertification<br \/>\nFCC Part 15 Subpart B, ANSI C63.4-2014<br \/>\nCE EN 55032: 2015, EN 61000-3-2, EN 61000-3-3, EN 50130-4, EN 55035: 2017<br \/>\nObtained Certification CE, FCC, IC, CB, KC, UL, Rohs, Reach, WEEE, RCM, UKCA, LOA, BIS<\/p>\n","protected":false},"excerpt":{"rendered":"<h2 class=\"prod_name\"><span class=\"prod_name-content\">32-ch 1.5U K Series AcuSense 4K NVR<\/span><\/h2>\n<ul class=\"product_description_item-list\">\n<li class=\"product_description_item\">Up to 32-ch IP camera inputs<\/li>\n<li class=\"product_description_item\">H.265+\/H.265\/H.264+\/H.264 video formats<\/li>\n<li class=\"product_description_item\">Up to 2-ch@12 MP or 3-ch@8 MP or 6-ch@4 MP or 12-ch@1080p decoding capacity<\/li>\n<li class=\"product_description_item\">Up to 256 Mbps incoming bandwidth<\/li>\n<li class=\"product_description_item\">Adopt Hikvision Acusense technology to minimize manual effort and security costs<\/li>\n<\/ul>\n","protected":false},"featured_media":3800,"comment_status":"open","ping_status":"closed","template":"","meta":{"_uag_custom_page_level_css":"","site-sidebar-layout":"default","site-content-layout":"default","ast-site-content-layout":"default","site-content-style":"default","site-sidebar-style":"default","ast-global-header-display":"","ast-banner-title-visibility":"","ast-main-header-display":"","ast-hfb-above-header-display":"","ast-hfb-below-header-display":"","ast-hfb-mobile-header-display":"","site-post-title":"","ast-breadcrumbs-content":"","ast-featured-img":"","footer-sml-layout":"","theme-transparent-header-meta":"default","adv-header-id-meta":"","stick-header-meta":"","header-above-stick-meta":"","header-main-stick-meta":"","header-below-stick-meta":"","astra-migrate-meta-layouts":"set","ast-page-background-enabled":"default","ast-page-background-meta":{"desktop":{"background-color":"","background-image":"","background-repeat":"repeat","background-position":"center center","background-size":"auto","background-attachment":"scroll","background-type":"","background-media":"","overlay-type":"","overlay-color":"","overlay-gradient":""},"tablet":{"background-color":"","background-image":"","background-repeat":"repeat","background-position":"center center","background-size":"auto","background-attachment":"scroll","background-type":"","background-media":"","overlay-type":"","overlay-color":"","overlay-gradient":""},"mobile":{"background-color":"","background-image":"","background-repeat":"repeat","background-position":"center center","background-size":"auto","background-attachment":"scroll","background-type":"","background-media":"","overlay-type":"","overlay-color":"","overlay-gradient":""}},"ast-content-background-meta":{"desktop":{"background-color":"var(--ast-global-color-5)","background-image":"","background-repeat":"repeat","background-position":"center center","background-size":"auto","background-attachment":"scroll","background-type":"","background-media":"","overlay-type":"","overlay-color":"","overlay-gradient":""},"tablet":{"background-color":"var(--ast-global-color-5)","background-image":"","background-repeat":"repeat","background-position":"center center","background-size":"auto","background-attachment":"scroll","background-type":"","background-media":"","overlay-type":"","overlay-color":"","overlay-gradient":""},"mobile":{"background-color":"var(--ast-global-color-5)","background-image":"","background-repeat":"repeat","background-position":"center center","background-size":"auto","background-attachment":"scroll","background-type":"","background-media":"","overlay-type":"","overlay-color":"","overlay-gradient":""}}},"product_cat":[39,37],"product_tag":[289,293,448,462,297,295],"class_list":{"0":"post-3799","1":"product","2":"type-product","3":"status-publish","4":"has-post-thumbnail","6":"product_cat-hikvision-en","7":"product_cat-security-cameras-en","8":"product_tag-hikvision","9":"product_tag-security-camera","10":"product_tag-smart-home-camera","11":"product_tag-wifi-camera-en","12":"product_tag-297","13":"product_tag-295","14":"desktop-align-left","15":"tablet-align-left","16":"mobile-align-left","18":"first","19":"instock","20":"shipping-taxable","21":"purchasable","22":"product-type-simple"},"uagb_featured_image_src":{"full":["https:\/\/old.hamsatech-eg.com\/wp-content\/uploads\/2024\/04\/Hikvision-DS-7732NXI-I4-S-16-32CH-4K-H-265-Facial-Recognition-AcuSense-4SATA-NVR-DS.webp",1000,1000,false],"thumbnail":["https:\/\/old.hamsatech-eg.com\/wp-content\/uploads\/2024\/04\/Hikvision-DS-7732NXI-I4-S-16-32CH-4K-H-265-Facial-Recognition-AcuSense-4SATA-NVR-DS-150x150.webp",150,150,true],"medium":["https:\/\/old.hamsatech-eg.com\/wp-content\/uploads\/2024\/04\/Hikvision-DS-7732NXI-I4-S-16-32CH-4K-H-265-Facial-Recognition-AcuSense-4SATA-NVR-DS-300x300.webp",300,300,true],"medium_large":["https:\/\/old.hamsatech-eg.com\/wp-content\/uploads\/2024\/04\/Hikvision-DS-7732NXI-I4-S-16-32CH-4K-H-265-Facial-Recognition-AcuSense-4SATA-NVR-DS-768x768.webp",768,768,true],"large":["https:\/\/old.hamsatech-eg.com\/wp-content\/uploads\/2024\/04\/Hikvision-DS-7732NXI-I4-S-16-32CH-4K-H-265-Facial-Recognition-AcuSense-4SATA-NVR-DS.webp",1000,1000,false],"1536x1536":["https:\/\/old.hamsatech-eg.com\/wp-content\/uploads\/2024\/04\/Hikvision-DS-7732NXI-I4-S-16-32CH-4K-H-265-Facial-Recognition-AcuSense-4SATA-NVR-DS.webp",1000,1000,false],"2048x2048":["https:\/\/old.hamsatech-eg.com\/wp-content\/uploads\/2024\/04\/Hikvision-DS-7732NXI-I4-S-16-32CH-4K-H-265-Facial-Recognition-AcuSense-4SATA-NVR-DS.webp",1000,1000,false],"woocommerce_thumbnail":["https:\/\/old.hamsatech-eg.com\/wp-content\/uploads\/2024\/04\/Hikvision-DS-7732NXI-I4-S-16-32CH-4K-H-265-Facial-Recognition-AcuSense-4SATA-NVR-DS-300x300.webp",300,300,true],"woocommerce_single":["https:\/\/old.hamsatech-eg.com\/wp-content\/uploads\/2024\/04\/Hikvision-DS-7732NXI-I4-S-16-32CH-4K-H-265-Facial-Recognition-AcuSense-4SATA-NVR-DS-600x600.webp",600,600,true],"woocommerce_gallery_thumbnail":["https:\/\/old.hamsatech-eg.com\/wp-content\/uploads\/2024\/04\/Hikvision-DS-7732NXI-I4-S-16-32CH-4K-H-265-Facial-Recognition-AcuSense-4SATA-NVR-DS-100x100.webp",100,100,true]},"uagb_author_info":{"display_name":"hamsatech@yahoo.com","author_link":"https:\/\/old.hamsatech-eg.com\/?author=0"},"uagb_comment_info":0,"uagb_excerpt":"32-ch 1.5U K Series AcuSense 4K NVR Up to 32-ch IP camera inputs H.265+\/H.265\/H.264+\/H.264 video formats Up to 2-ch@12 MP or 3-ch@8 MP or 6-ch@4 MP or 12-ch@1080p decoding capacity Up to 256 Mbps incoming bandwidth Adopt Hikvision Acusense technology to minimize manual effort and security costs","_links":{"self":[{"href":"https:\/\/old.hamsatech-eg.com\/index.php?rest_route=\/wp\/v2\/product\/3799","targetHints":{"allow":["GET"]}}],"collection":[{"href":"https:\/\/old.hamsatech-eg.com\/index.php?rest_route=\/wp\/v2\/product"}],"about":[{"href":"https:\/\/old.hamsatech-eg.com\/index.php?rest_route=\/wp\/v2\/types\/product"}],"replies":[{"embeddable":true,"href":"https:\/\/old.hamsatech-eg.com\/index.php?rest_route=%2Fwp%2Fv2%2Fcomments&post=3799"}],"wp:featuredmedia":[{"embeddable":true,"href":"https:\/\/old.hamsatech-eg.com\/index.php?rest_route=\/wp\/v2\/media\/3800"}],"wp:attachment":[{"href":"https:\/\/old.hamsatech-eg.com\/index.php?rest_route=%2Fwp%2Fv2%2Fmedia&parent=3799"}],"wp:term":[{"taxonomy":"product_cat","embeddable":true,"href":"https:\/\/old.hamsatech-eg.com\/index.php?rest_route=%2Fwp%2Fv2%2Fproduct_cat&post=3799"},{"taxonomy":"product_tag","embeddable":true,"href":"https:\/\/old.hamsatech-eg.com\/index.php?rest_route=%2Fwp%2Fv2%2Fproduct_tag&post=3799"}],"curies":[{"name":"wp","href":"https:\/\/api.w.org\/{rel}","templated":true}]}}