{"id":3444,"date":"2023-07-17T12:30:28","date_gmt":"2023-07-17T12:30:28","guid":{"rendered":"https:\/\/old.hamsatech-eg.com\/?post_type=product&#038;p=3444"},"modified":"2024-03-10T14:42:25","modified_gmt":"2024-03-10T14:42:25","slug":"%d9%82%d9%81%d9%84-%d9%85%d8%ba%d9%86%d8%a7%d8%b7%d9%8a%d8%b3%d9%8a-%d8%a8%d8%b1%d9%88-%d9%87%d9%8a%d9%83%d9%81%d9%8a%d8%ac%d9%86","status":"publish","type":"product","link":"https:\/\/old.hamsatech-eg.com\/?product=%D9%82%D9%81%D9%84-%D9%85%D8%BA%D9%86%D8%A7%D8%B7%D9%8A%D8%B3%D9%8A-%D8%A8%D8%B1%D9%88-%D9%87%D9%8A%D9%83%D9%81%D9%8A%D8%AC%D9%86&lang=ar","title":{"rendered":"\u0642\u0641\u0644 \u0645\u063a\u0646\u0627\u0637\u064a\u0633\u064a \u0628\u0631\u0648 \u0647\u064a\u0643\u0641\u064a\u062c\u0646"},"content":{"rendered":"<div class=\"logo-title-wrap mob-onlytitle\">\n<h6 class=\"title \">DS-K4H250S<\/h6>\n<ul class=\"tech-specs-items-description\" data-target=\"General\">\n<li class=\"tech-specs-items-description-list\"><span class=\"tech-specs-items-description__title\">Indicator<\/span><span class=\"tech-specs-items-description__title-details\">Red (Door is Unlocked) Green (Door is Locked)<\/span><\/li>\n<li class=\"tech-specs-items-description-list\"><span class=\"tech-specs-items-description__title\">Power Supply<\/span>\n<p class=\"mb-p\">12 VDC\/500 mA<\/p>\n<p class=\"mb-p\">24 VDC\/250 mA<\/p>\n<\/li>\n<li class=\"tech-specs-items-description-list\"><span class=\"tech-specs-items-description__title\">Working Temperature<\/span><span class=\"tech-specs-items-description__title-details\">-10\u00b0C to +55\u00b0C (14\u00b0F to 131\u00b0F)<\/span><\/li>\n<li class=\"tech-specs-items-description-list\"><span class=\"tech-specs-items-description__title\">Working Humidity<\/span><span class=\"tech-specs-items-description__title-details\">0 to 95% (Relative Humidity)<\/span><\/li>\n<li class=\"tech-specs-items-description-list\"><span class=\"tech-specs-items-description__title\">Dimensions<\/span>\n<p class=\"mb-p\">Lock body: 240\u00d749\u00d725.5mm (9.45\u00d71.93\u00d71.00&#8243;)<\/p>\n<p class=\"mb-p\">Armature Plate: 180\u00d738\u00d711mm (7.1\u00d71.5\u00d70.4)&#8221;<\/p>\n<\/li>\n<li class=\"tech-specs-items-description-list\"><span class=\"tech-specs-items-description__title\">Weight<\/span><span class=\"tech-specs-items-description__title-details\">2.1kg (4.63lb)<\/span><\/li>\n<li class=\"tech-specs-items-description-list\"><span class=\"tech-specs-items-description__title\">Material<\/span>\n<p class=\"mb-p\">Shell: hard Anodizing Electroplating Operated<\/p>\n<p class=\"mb-p\">Lock Body: eco-friendly Zinc with Electroplating Operated<\/p>\n<p class=\"mb-p\">Armature Plate: eco-friendly Zinc with Electroplating Operated<\/p>\n<\/li>\n<li class=\"tech-specs-items-description-list\"><span class=\"tech-specs-items-description__title\">Thrust<\/span><span class=\"tech-specs-items-description__title-details\">Max. 272 kg (599.8 lbs) Linear Thrust<\/span><\/li>\n<li class=\"tech-specs-items-description-list\"><span class=\"tech-specs-items-description__title\">Door Type<\/span><span class=\"tech-specs-items-description__title-details\">Single leaf,Double leaf, Wooden Door, Glass Door, Metal Door, Fireproof Door<\/span><\/li>\n<li class=\"tech-specs-items-description-list\"><span class=\"tech-specs-items-description__title\">Signal Output<\/span><span class=\"tech-specs-items-description__title-details\">Dry Contact Signal Output, Support Maximum Power Rate of 3A, NO Output While Locking and NC Output While Unlocking<\/span><\/li>\n<\/ul>\n<p>&nbsp;<\/p>\n<\/div>\n<div class=\"header2-container-wrapper\">\n<div class=\"home-btn\"><\/div>\n<\/div>\n","protected":false},"excerpt":{"rendered":"<h6 class=\"title \">DS-K4H250S<\/h6>\n<ul class=\"product_description_item-list\">\n<li class=\"product_description_item\">The magnetic lock supports static linear thrust of 272 kg (599.8 lbs)<\/li>\n<li class=\"product_description_item\">Power supply can be customized to be 12 VDC or 24 VDC, (default voltage is 12 VDC)<\/li>\n<li class=\"product_description_item\">Equipped with internal voltage dependent resistor (MOV)<\/li>\n<li class=\"product_description_item\">LED indicator displays door lock status<\/li>\n<li class=\"product_description_item\">Abrasion-proof materials<\/li>\n<\/ul>\n","protected":false},"featured_media":3443,"comment_status":"open","ping_status":"closed","template":"","meta":{"_uag_custom_page_level_css":"","site-sidebar-layout":"default","site-content-layout":"default","ast-site-content-layout":"default","site-content-style":"default","site-sidebar-style":"default","ast-global-header-display":"","ast-banner-title-visibility":"","ast-main-header-display":"","ast-hfb-above-header-display":"","ast-hfb-below-header-display":"","ast-hfb-mobile-header-display":"","site-post-title":"","ast-breadcrumbs-content":"","ast-featured-img":"","footer-sml-layout":"","theme-transparent-header-meta":"default","adv-header-id-meta":"","stick-header-meta":"","header-above-stick-meta":"","header-main-stick-meta":"","header-below-stick-meta":"","astra-migrate-meta-layouts":"set","ast-page-background-enabled":"default","ast-page-background-meta":{"desktop":{"background-color":"","background-image":"","background-repeat":"repeat","background-position":"center center","background-size":"auto","background-attachment":"scroll","background-type":"","background-media":"","overlay-type":"","overlay-color":"","overlay-gradient":""},"tablet":{"background-color":"","background-image":"","background-repeat":"repeat","background-position":"center center","background-size":"auto","background-attachment":"scroll","background-type":"","background-media":"","overlay-type":"","overlay-color":"","overlay-gradient":""},"mobile":{"background-color":"","background-image":"","background-repeat":"repeat","background-position":"center center","background-size":"auto","background-attachment":"scroll","background-type":"","background-media":"","overlay-type":"","overlay-color":"","overlay-gradient":""}},"ast-content-background-meta":{"desktop":{"background-color":"var(--ast-global-color-5)","background-image":"","background-repeat":"repeat","background-position":"center center","background-size":"auto","background-attachment":"scroll","background-type":"","background-media":"","overlay-type":"","overlay-color":"","overlay-gradient":""},"tablet":{"background-color":"var(--ast-global-color-5)","background-image":"","background-repeat":"repeat","background-position":"center center","background-size":"auto","background-attachment":"scroll","background-type":"","background-media":"","overlay-type":"","overlay-color":"","overlay-gradient":""},"mobile":{"background-color":"var(--ast-global-color-5)","background-image":"","background-repeat":"repeat","background-position":"center center","background-size":"auto","background-attachment":"scroll","background-type":"","background-media":"","overlay-type":"","overlay-color":"","overlay-gradient":""}}},"product_cat":[107,809],"product_tag":[627,438,472,397,636,630,474],"class_list":{"0":"post-3444","1":"product","2":"type-product","3":"status-publish","4":"has-post-thumbnail","6":"product_cat-107","7":"product_cat-809","8":"product_tag-access-control-ar","9":"product_tag-doorphone-ar","10":"product_tag-fingerprint","11":"product_tag-intercom-ar","12":"product_tag-magnetic-lock-ar","13":"product_tag-time-attendance-ar","14":"product_tag-474","15":"desktop-align-left","16":"tablet-align-left","17":"mobile-align-left","19":"first","20":"instock","21":"shipping-taxable","22":"purchasable","23":"product-type-simple"},"uagb_featured_image_src":{"full":["https:\/\/old.hamsatech-eg.com\/wp-content\/uploads\/2023\/07\/ma.png",1080,1080,false],"thumbnail":["https:\/\/old.hamsatech-eg.com\/wp-content\/uploads\/2023\/07\/ma-150x150.png",150,150,true],"medium":["https:\/\/old.hamsatech-eg.com\/wp-content\/uploads\/2023\/07\/ma-300x300.png",300,300,true],"medium_large":["https:\/\/old.hamsatech-eg.com\/wp-content\/uploads\/2023\/07\/ma-768x768.png",768,768,true],"large":["https:\/\/old.hamsatech-eg.com\/wp-content\/uploads\/2023\/07\/ma-1024x1024.png",1024,1024,true],"1536x1536":["https:\/\/old.hamsatech-eg.com\/wp-content\/uploads\/2023\/07\/ma.png",1080,1080,false],"2048x2048":["https:\/\/old.hamsatech-eg.com\/wp-content\/uploads\/2023\/07\/ma.png",1080,1080,false],"woocommerce_thumbnail":["https:\/\/old.hamsatech-eg.com\/wp-content\/uploads\/2023\/07\/ma-300x300.png",300,300,true],"woocommerce_single":["https:\/\/old.hamsatech-eg.com\/wp-content\/uploads\/2023\/07\/ma-600x600.png",600,600,true],"woocommerce_gallery_thumbnail":["https:\/\/old.hamsatech-eg.com\/wp-content\/uploads\/2023\/07\/ma-100x100.png",100,100,true]},"uagb_author_info":{"display_name":"hamsatech@yahoo.com","author_link":"https:\/\/old.hamsatech-eg.com\/?author=0"},"uagb_comment_info":0,"uagb_excerpt":"DS-K4H250S The magnetic lock supports static linear thrust of 272 kg (599.8 lbs) Power supply can be customized to be 12 VDC or 24 VDC, (default voltage is 12 VDC) Equipped with internal voltage dependent resistor (MOV) LED indicator displays door lock status Abrasion-proof materials","_links":{"self":[{"href":"https:\/\/old.hamsatech-eg.com\/index.php?rest_route=\/wp\/v2\/product\/3444","targetHints":{"allow":["GET"]}}],"collection":[{"href":"https:\/\/old.hamsatech-eg.com\/index.php?rest_route=\/wp\/v2\/product"}],"about":[{"href":"https:\/\/old.hamsatech-eg.com\/index.php?rest_route=\/wp\/v2\/types\/product"}],"replies":[{"embeddable":true,"href":"https:\/\/old.hamsatech-eg.com\/index.php?rest_route=%2Fwp%2Fv2%2Fcomments&post=3444"}],"wp:featuredmedia":[{"embeddable":true,"href":"https:\/\/old.hamsatech-eg.com\/index.php?rest_route=\/wp\/v2\/media\/3443"}],"wp:attachment":[{"href":"https:\/\/old.hamsatech-eg.com\/index.php?rest_route=%2Fwp%2Fv2%2Fmedia&parent=3444"}],"wp:term":[{"taxonomy":"product_cat","embeddable":true,"href":"https:\/\/old.hamsatech-eg.com\/index.php?rest_route=%2Fwp%2Fv2%2Fproduct_cat&post=3444"},{"taxonomy":"product_tag","embeddable":true,"href":"https:\/\/old.hamsatech-eg.com\/index.php?rest_route=%2Fwp%2Fv2%2Fproduct_tag&post=3444"}],"curies":[{"name":"wp","href":"https:\/\/api.w.org\/{rel}","templated":true}]}}