{"id":3111,"date":"2023-05-03T17:51:54","date_gmt":"2023-05-03T17:51:54","guid":{"rendered":"https:\/\/old.hamsatech-eg.com\/?post_type=product&#038;p=3111"},"modified":"2024-03-10T15:19:40","modified_gmt":"2024-03-10T15:19:40","slug":"kit-vdp04-b4-intercom-zkteco","status":"publish","type":"product","link":"https:\/\/old.hamsatech-eg.com\/?product=kit-vdp04-b4-intercom-zkteco","title":{"rendered":"Kit VDP04-B4 intercom Zkteco"},"content":{"rendered":"<p>Kit VDP04-B4 intercom Zkteco<\/p>\n<p>Timbre Videoportero Analogico<\/p>\n<p>The Kit VDP04-B4 is the ideal video port solution for the economy that includes a 4.3 inch TFT pantalla monitor, a plastic display for exteriors with an IP54 rating, as well as accessories and support.<\/p>\n","protected":false},"excerpt":{"rendered":"<p>Monitor TFT in color of 4.3&#8243;<br \/>\nBotones t\u00e1ctiles incorporados en el panel<br \/>\nComunicaci\u00f3n de audio bidireccional a trav\u00e9s de la red anal\u00f3gica<br \/>\nSupport la conexi\u00f3n de hasta 4 monitors<\/p>\n","protected":false},"featured_media":3112,"comment_status":"open","ping_status":"closed","template":"","meta":{"_uag_custom_page_level_css":"","site-sidebar-layout":"default","site-content-layout":"default","ast-site-content-layout":"default","site-content-style":"default","site-sidebar-style":"default","ast-global-header-display":"","ast-banner-title-visibility":"","ast-main-header-display":"","ast-hfb-above-header-display":"","ast-hfb-below-header-display":"","ast-hfb-mobile-header-display":"","site-post-title":"","ast-breadcrumbs-content":"","ast-featured-img":"","footer-sml-layout":"","theme-transparent-header-meta":"default","adv-header-id-meta":"","stick-header-meta":"","header-above-stick-meta":"","header-main-stick-meta":"","header-below-stick-meta":"","astra-migrate-meta-layouts":"set","ast-page-background-enabled":"default","ast-page-background-meta":{"desktop":{"background-color":"","background-image":"","background-repeat":"repeat","background-position":"center center","background-size":"auto","background-attachment":"scroll","background-type":"","background-media":"","overlay-type":"","overlay-color":"","overlay-gradient":""},"tablet":{"background-color":"","background-image":"","background-repeat":"repeat","background-position":"center center","background-size":"auto","background-attachment":"scroll","background-type":"","background-media":"","overlay-type":"","overlay-color":"","overlay-gradient":""},"mobile":{"background-color":"","background-image":"","background-repeat":"repeat","background-position":"center center","background-size":"auto","background-attachment":"scroll","background-type":"","background-media":"","overlay-type":"","overlay-color":"","overlay-gradient":""}},"ast-content-background-meta":{"desktop":{"background-color":"var(--ast-global-color-5)","background-image":"","background-repeat":"repeat","background-position":"center center","background-size":"auto","background-attachment":"scroll","background-type":"","background-media":"","overlay-type":"","overlay-color":"","overlay-gradient":""},"tablet":{"background-color":"var(--ast-global-color-5)","background-image":"","background-repeat":"repeat","background-position":"center center","background-size":"auto","background-attachment":"scroll","background-type":"","background-media":"","overlay-type":"","overlay-color":"","overlay-gradient":""},"mobile":{"background-color":"var(--ast-global-color-5)","background-image":"","background-repeat":"repeat","background-position":"center center","background-size":"auto","background-attachment":"scroll","background-type":"","background-media":"","overlay-type":"","overlay-color":"","overlay-gradient":""}}},"product_cat":[26],"product_tag":[433,431,391,393,395],"class_list":{"0":"post-3111","1":"product","2":"type-product","3":"status-publish","4":"has-post-thumbnail","6":"product_cat-intercom-system-en","7":"product_tag-doorbell","8":"product_tag-doorphone","9":"product_tag-intercom","10":"product_tag-393","11":"product_tag-395","12":"desktop-align-left","13":"tablet-align-left","14":"mobile-align-left","16":"first","17":"instock","18":"shipping-taxable","19":"purchasable","20":"product-type-simple"},"uagb_featured_image_src":{"full":["https:\/\/old.hamsatech-eg.com\/wp-content\/uploads\/2023\/05\/download.jpg",225,225,false],"thumbnail":["https:\/\/old.hamsatech-eg.com\/wp-content\/uploads\/2023\/05\/download-150x150.jpg",150,150,true],"medium":["https:\/\/old.hamsatech-eg.com\/wp-content\/uploads\/2023\/05\/download.jpg",225,225,false],"medium_large":["https:\/\/old.hamsatech-eg.com\/wp-content\/uploads\/2023\/05\/download.jpg",225,225,false],"large":["https:\/\/old.hamsatech-eg.com\/wp-content\/uploads\/2023\/05\/download.jpg",225,225,false],"1536x1536":["https:\/\/old.hamsatech-eg.com\/wp-content\/uploads\/2023\/05\/download.jpg",225,225,false],"2048x2048":["https:\/\/old.hamsatech-eg.com\/wp-content\/uploads\/2023\/05\/download.jpg",225,225,false],"woocommerce_thumbnail":["https:\/\/old.hamsatech-eg.com\/wp-content\/uploads\/2023\/05\/download.jpg",225,225,false],"woocommerce_single":["https:\/\/old.hamsatech-eg.com\/wp-content\/uploads\/2023\/05\/download.jpg",225,225,false],"woocommerce_gallery_thumbnail":["https:\/\/old.hamsatech-eg.com\/wp-content\/uploads\/2023\/05\/download-100x100.jpg",100,100,true]},"uagb_author_info":{"display_name":"hamsatech@yahoo.com","author_link":"https:\/\/old.hamsatech-eg.com\/?author=0"},"uagb_comment_info":0,"uagb_excerpt":"Monitor TFT in color of 4.3\" Botones t\u00e1ctiles incorporados en el panel Comunicaci\u00f3n de audio bidireccional a trav\u00e9s de la red anal\u00f3gica Support la conexi\u00f3n de hasta 4 monitors","_links":{"self":[{"href":"https:\/\/old.hamsatech-eg.com\/index.php?rest_route=\/wp\/v2\/product\/3111","targetHints":{"allow":["GET"]}}],"collection":[{"href":"https:\/\/old.hamsatech-eg.com\/index.php?rest_route=\/wp\/v2\/product"}],"about":[{"href":"https:\/\/old.hamsatech-eg.com\/index.php?rest_route=\/wp\/v2\/types\/product"}],"replies":[{"embeddable":true,"href":"https:\/\/old.hamsatech-eg.com\/index.php?rest_route=%2Fwp%2Fv2%2Fcomments&post=3111"}],"wp:featuredmedia":[{"embeddable":true,"href":"https:\/\/old.hamsatech-eg.com\/index.php?rest_route=\/wp\/v2\/media\/3112"}],"wp:attachment":[{"href":"https:\/\/old.hamsatech-eg.com\/index.php?rest_route=%2Fwp%2Fv2%2Fmedia&parent=3111"}],"wp:term":[{"taxonomy":"product_cat","embeddable":true,"href":"https:\/\/old.hamsatech-eg.com\/index.php?rest_route=%2Fwp%2Fv2%2Fproduct_cat&post=3111"},{"taxonomy":"product_tag","embeddable":true,"href":"https:\/\/old.hamsatech-eg.com\/index.php?rest_route=%2Fwp%2Fv2%2Fproduct_tag&post=3111"}],"curies":[{"name":"wp","href":"https:\/\/api.w.org\/{rel}","templated":true}]}}