{"id":3109,"date":"2023-05-03T17:50:18","date_gmt":"2023-05-03T17:50:18","guid":{"rendered":"https:\/\/old.hamsatech-eg.com\/?post_type=product&#038;p=3109"},"modified":"2023-05-03T18:01:09","modified_gmt":"2023-05-03T18:01:09","slug":"zkteco-vdp03-b3-%d8%a7%d9%86%d8%aa%d8%b1%d9%83%d9%85-%d9%85%d8%b1%d8%a6%d9%89","status":"publish","type":"product","link":"https:\/\/old.hamsatech-eg.com\/?product=zkteco-vdp03-b3-%D8%A7%D9%86%D8%AA%D8%B1%D9%83%D9%85-%D9%85%D8%B1%D8%A6%D9%89&lang=ar","title":{"rendered":"Zkteco VDP03-B3 \u0627\u0646\u062a\u0631\u0643\u0645 \u0645\u0631\u0626\u0649"},"content":{"rendered":"<p>Timbre Videoportero Analogico<\/p>\n<p>The Kit VDP03-B3 is the ideal video port solution and economy that includes a TFT pantalla monitor of 7 panel sizes, a metal frame called the exterior with an IP54 rating, as well as support and support.<\/p>\n","protected":false},"excerpt":{"rendered":"<div>ZKteo Intercom<\/div>\n<div>\u0627\u0646\u062a\u0631\u0643\u0645 \u0645\u0631\u0626\u0649 \u0628\u0634\u0627\u0634\u0629 7 \u0628\u0648\u0635\u0629<\/div>\n<div class=\"pix-feature-list font-weight-bold py-2 d-flex align-items-center\">Monitor TFT in color7\u201d<br \/>\nBotones t\u00e1ctiles incorporados en el panel<br \/>\nComunicaci\u00f3n de audio bidireccional a trav\u00e9s de la red anal\u00f3gica<br \/>\nSupport la conexi\u00f3n de hasta 4 monitors<\/div>\n","protected":false},"featured_media":3107,"comment_status":"open","ping_status":"closed","template":"","meta":{"_uag_custom_page_level_css":"","site-sidebar-layout":"default","site-content-layout":"default","ast-site-content-layout":"","site-content-style":"default","site-sidebar-style":"default","ast-global-header-display":"","ast-banner-title-visibility":"","ast-main-header-display":"","ast-hfb-above-header-display":"","ast-hfb-below-header-display":"","ast-hfb-mobile-header-display":"","site-post-title":"","ast-breadcrumbs-content":"","ast-featured-img":"","footer-sml-layout":"","theme-transparent-header-meta":"default","adv-header-id-meta":"","stick-header-meta":"","header-above-stick-meta":"","header-main-stick-meta":"","header-below-stick-meta":"","astra-migrate-meta-layouts":"default","ast-page-background-enabled":"default","ast-page-background-meta":{"desktop":{"background-color":"","background-image":"","background-repeat":"repeat","background-position":"center center","background-size":"auto","background-attachment":"scroll","background-type":"","background-media":"","overlay-type":"","overlay-color":"","overlay-gradient":""},"tablet":{"background-color":"","background-image":"","background-repeat":"repeat","background-position":"center center","background-size":"auto","background-attachment":"scroll","background-type":"","background-media":"","overlay-type":"","overlay-color":"","overlay-gradient":""},"mobile":{"background-color":"","background-image":"","background-repeat":"repeat","background-position":"center center","background-size":"auto","background-attachment":"scroll","background-type":"","background-media":"","overlay-type":"","overlay-color":"","overlay-gradient":""}},"ast-content-background-meta":{"desktop":{"background-color":"var(--ast-global-color-5)","background-image":"","background-repeat":"repeat","background-position":"center center","background-size":"auto","background-attachment":"scroll","background-type":"","background-media":"","overlay-type":"","overlay-color":"","overlay-gradient":""},"tablet":{"background-color":"var(--ast-global-color-5)","background-image":"","background-repeat":"repeat","background-position":"center center","background-size":"auto","background-attachment":"scroll","background-type":"","background-media":"","overlay-type":"","overlay-color":"","overlay-gradient":""},"mobile":{"background-color":"var(--ast-global-color-5)","background-image":"","background-repeat":"repeat","background-position":"center center","background-size":"auto","background-attachment":"scroll","background-type":"","background-media":"","overlay-type":"","overlay-color":"","overlay-gradient":""}}},"product_cat":[107],"product_tag":[435,438,397,400,403],"class_list":{"0":"post-3109","1":"product","2":"type-product","3":"status-publish","4":"has-post-thumbnail","6":"product_cat-107","7":"product_tag-doorbell-ar","8":"product_tag-doorphone-ar","9":"product_tag-intercom-ar","10":"product_tag--ar","11":"product_tag---ar","12":"desktop-align-left","13":"tablet-align-left","14":"mobile-align-left","16":"first","17":"instock","18":"shipping-taxable","19":"purchasable","20":"product-type-simple"},"uagb_featured_image_src":{"full":["https:\/\/old.hamsatech-eg.com\/wp-content\/uploads\/2023\/05\/Kit-VDP03-B3-1.webp",800,800,false],"thumbnail":["https:\/\/old.hamsatech-eg.com\/wp-content\/uploads\/2023\/05\/Kit-VDP03-B3-1-150x150.webp",150,150,true],"medium":["https:\/\/old.hamsatech-eg.com\/wp-content\/uploads\/2023\/05\/Kit-VDP03-B3-1-300x300.webp",300,300,true],"medium_large":["https:\/\/old.hamsatech-eg.com\/wp-content\/uploads\/2023\/05\/Kit-VDP03-B3-1-768x768.webp",768,768,true],"large":["https:\/\/old.hamsatech-eg.com\/wp-content\/uploads\/2023\/05\/Kit-VDP03-B3-1.webp",800,800,false],"1536x1536":["https:\/\/old.hamsatech-eg.com\/wp-content\/uploads\/2023\/05\/Kit-VDP03-B3-1.webp",800,800,false],"2048x2048":["https:\/\/old.hamsatech-eg.com\/wp-content\/uploads\/2023\/05\/Kit-VDP03-B3-1.webp",800,800,false],"woocommerce_thumbnail":["https:\/\/old.hamsatech-eg.com\/wp-content\/uploads\/2023\/05\/Kit-VDP03-B3-1-300x300.webp",300,300,true],"woocommerce_single":["https:\/\/old.hamsatech-eg.com\/wp-content\/uploads\/2023\/05\/Kit-VDP03-B3-1-600x600.webp",600,600,true],"woocommerce_gallery_thumbnail":["https:\/\/old.hamsatech-eg.com\/wp-content\/uploads\/2023\/05\/Kit-VDP03-B3-1-100x100.webp",100,100,true]},"uagb_author_info":{"display_name":"hamsatech@yahoo.com","author_link":"https:\/\/old.hamsatech-eg.com\/?author=0"},"uagb_comment_info":0,"uagb_excerpt":"ZKteo Intercom \u0627\u0646\u062a\u0631\u0643\u0645 \u0645\u0631\u0626\u0649 \u0628\u0634\u0627\u0634\u0629 7 \u0628\u0648\u0635\u0629 Monitor TFT in color7\u201d Botones t\u00e1ctiles incorporados en el panel Comunicaci\u00f3n de audio bidireccional a trav\u00e9s de la red anal\u00f3gica Support la conexi\u00f3n de hasta 4 monitors","_links":{"self":[{"href":"https:\/\/old.hamsatech-eg.com\/index.php?rest_route=\/wp\/v2\/product\/3109","targetHints":{"allow":["GET"]}}],"collection":[{"href":"https:\/\/old.hamsatech-eg.com\/index.php?rest_route=\/wp\/v2\/product"}],"about":[{"href":"https:\/\/old.hamsatech-eg.com\/index.php?rest_route=\/wp\/v2\/types\/product"}],"replies":[{"embeddable":true,"href":"https:\/\/old.hamsatech-eg.com\/index.php?rest_route=%2Fwp%2Fv2%2Fcomments&post=3109"}],"wp:featuredmedia":[{"embeddable":true,"href":"https:\/\/old.hamsatech-eg.com\/index.php?rest_route=\/wp\/v2\/media\/3107"}],"wp:attachment":[{"href":"https:\/\/old.hamsatech-eg.com\/index.php?rest_route=%2Fwp%2Fv2%2Fmedia&parent=3109"}],"wp:term":[{"taxonomy":"product_cat","embeddable":true,"href":"https:\/\/old.hamsatech-eg.com\/index.php?rest_route=%2Fwp%2Fv2%2Fproduct_cat&post=3109"},{"taxonomy":"product_tag","embeddable":true,"href":"https:\/\/old.hamsatech-eg.com\/index.php?rest_route=%2Fwp%2Fv2%2Fproduct_tag&post=3109"}],"curies":[{"name":"wp","href":"https:\/\/api.w.org\/{rel}","templated":true}]}}