{"id":3053,"date":"2023-04-29T13:46:02","date_gmt":"2023-04-29T13:46:02","guid":{"rendered":"https:\/\/old.hamsatech-eg.com\/?post_type=product&#038;p=3053"},"modified":"2023-04-29T13:57:37","modified_gmt":"2023-04-29T13:57:37","slug":"%d8%a7%d9%86%d8%aa%d8%b1%d9%83%d9%85-%d9%85%d8%b1%d8%a6%d9%89-%d8%a8%d8%b4%d8%a7%d8%b4%d8%a9-7-%d8%a8%d9%88%d8%b5%d8%a9-ds-kis603-pc","status":"publish","type":"product","link":"https:\/\/old.hamsatech-eg.com\/?product=%D8%A7%D9%86%D8%AA%D8%B1%D9%83%D9%85-%D9%85%D8%B1%D8%A6%D9%89-%D8%A8%D8%B4%D8%A7%D8%B4%D8%A9-7-%D8%A8%D9%88%D8%B5%D8%A9-ds-kis603-pc&lang=ar","title":{"rendered":"\u0627\u0646\u062a\u0631\u0643\u0645 \u0645\u0631\u0626\u0649 \u0628\u0634\u0627\u0634\u0629 7 \u0628\u0648\u0635\u0629 DS-KIS603-P(C)"},"content":{"rendered":"<ul class=\"tech-specs-items-description\" data-target=\"Door station\/System parameters\">\n<li class=\"tech-specs-items-description-list\"><span class=\"tech-specs-items-description__title--heading\">Door Station\/System Parameters<\/span><\/li>\n<li class=\"tech-specs-items-description-list\"><span class=\"tech-specs-items-description__title\">Operation System<\/span><span class=\"tech-specs-items-description__title-details\">Embedded Linux operation system<\/span><\/li>\n<li class=\"tech-specs-items-description-list\"><span class=\"tech-specs-items-description__title\">Flash<\/span><span class=\"tech-specs-items-description__title-details\">32 MB<\/span><\/li>\n<li class=\"tech-specs-items-description-list\"><span class=\"tech-specs-items-description__title\">RAM<\/span><span class=\"tech-specs-items-description__title-details\">256MB<\/span><\/li>\n<\/ul>\n<ul class=\"tech-specs-items-description\" data-target=\"Door station\/Video parameters\">\n<li class=\"tech-specs-items-description-list\"><span class=\"tech-specs-items-description__title--heading\">Door Station\/Video Parameters<\/span><\/li>\n<li class=\"tech-specs-items-description-list\"><span class=\"tech-specs-items-description__title\">Camera<\/span><span class=\"tech-specs-items-description__title-details\">2MP HD camera<\/span><\/li>\n<li class=\"tech-specs-items-description-list\"><span class=\"tech-specs-items-description__title\">Night Vision<\/span><span class=\"tech-specs-items-description__title-details\">Low illumination IR supplement mode:3 m<\/span><\/li>\n<li class=\"tech-specs-items-description-list\"><span class=\"tech-specs-items-description__title\">Backlight Compensation<\/span><span class=\"tech-specs-items-description__title-details\">Support<\/span><\/li>\n<li class=\"tech-specs-items-description-list\"><span class=\"tech-specs-items-description__title\">Digital Noise Reduction<\/span><span class=\"tech-specs-items-description__title-details\">Support<\/span><\/li>\n<li class=\"tech-specs-items-description-list\"><span class=\"tech-specs-items-description__title\">WDR<\/span><span class=\"tech-specs-items-description__title-details\">True WDR<\/span><\/li>\n<li class=\"tech-specs-items-description-list\"><span class=\"tech-specs-items-description__title\">Field Of View<\/span><span class=\"tech-specs-items-description__title-details\">Horizontal: 131\u00b0 Vertical: 78\u00b0<\/span><\/li>\n<li class=\"tech-specs-items-description-list\"><span class=\"tech-specs-items-description__title\">Video Compression Standard<\/span><span class=\"tech-specs-items-description__title-details\">H.264<\/span><\/li>\n<li class=\"tech-specs-items-description-list\"><span class=\"tech-specs-items-description__title\">Stream<\/span><span class=\"tech-specs-items-description__title-details\">Main stream: 1080p@30fps, 720p@25fps Sub stream: D1@25fps<\/span><\/li>\n<li class=\"tech-specs-items-description-list\"><span class=\"tech-specs-items-description__title\">Motion Detection<\/span><span class=\"tech-specs-items-description__title-details\">Support<\/span><\/li>\n<li class=\"tech-specs-items-description-list\"><span class=\"tech-specs-items-description__title\">Flash-Avoid Frequency<\/span><span class=\"tech-specs-items-description__title-details\">50 Hz, 60 Hz<\/span><\/li>\n<\/ul>\n<ul class=\"tech-specs-items-description\" data-target=\"Door station\/Audio parameters\">\n<li class=\"tech-specs-items-description-list\"><span class=\"tech-specs-items-description__title--heading\">Door Station\/Audio Parameters<\/span><\/li>\n<li class=\"tech-specs-items-description-list\"><span class=\"tech-specs-items-description__title\">Audio Input<\/span><span class=\"tech-specs-items-description__title-details\">Built-in omnidirectional microphone<\/span><\/li>\n<li class=\"tech-specs-items-description-list\"><span class=\"tech-specs-items-description__title\">Audio Output<\/span><span class=\"tech-specs-items-description__title-details\">Built-in loudspeaker<\/span><\/li>\n<li class=\"tech-specs-items-description-list\"><span class=\"tech-specs-items-description__title\">Audio Quality<\/span><span class=\"tech-specs-items-description__title-details\">Noise suppression and echo cancellation<\/span><\/li>\n<li class=\"tech-specs-items-description-list\"><span class=\"tech-specs-items-description__title\">Audio Compression Standard<\/span><span class=\"tech-specs-items-description__title-details\">G.711 U<\/span><\/li>\n<li class=\"tech-specs-items-description-list\"><span class=\"tech-specs-items-description__title\">Audio Compression Rate<\/span><span class=\"tech-specs-items-description__title-details\">64 Kbps<\/span><\/li>\n<li class=\"tech-specs-items-description-list\"><span class=\"tech-specs-items-description__title\">Audio Intercom<\/span><span class=\"tech-specs-items-description__title-details\">Two-way audio communication<\/span><\/li>\n<\/ul>\n<ul class=\"tech-specs-items-description\" data-target=\"Door station\/Network parameters \">\n<li class=\"tech-specs-items-description-list\"><span class=\"tech-specs-items-description__title--heading\">Door Station\/Network Parameters<\/span><\/li>\n<li class=\"tech-specs-items-description-list\"><span class=\"tech-specs-items-description__title\">Network Protocol<\/span><span class=\"tech-specs-items-description__title-details\">TCP\/IP, RSTP<\/span><\/li>\n<li class=\"tech-specs-items-description-list\"><span class=\"tech-specs-items-description__title\">Wired Network<\/span><span class=\"tech-specs-items-description__title-details\">10\/100 Mbps Ethernet<\/span><\/li>\n<\/ul>\n<ul class=\"tech-specs-items-description\" data-target=\"Door station\/Device interfaces\">\n<li class=\"tech-specs-items-description-list\"><span class=\"tech-specs-items-description__title--heading\">Door Station\/Device Interfaces<\/span><\/li>\n<li class=\"tech-specs-items-description-list\"><span class=\"tech-specs-items-description__title\">RS-485<\/span><span class=\"tech-specs-items-description__title-details\">1<\/span><\/li>\n<li class=\"tech-specs-items-description-list\"><span class=\"tech-specs-items-description__title\">Alarm Input<\/span><span class=\"tech-specs-items-description__title-details\">4<\/span><\/li>\n<li class=\"tech-specs-items-description-list\"><span class=\"tech-specs-items-description__title\">Debugging Port<\/span><span class=\"tech-specs-items-description__title-details\">1<\/span><\/li>\n<li class=\"tech-specs-items-description-list\"><span class=\"tech-specs-items-description__title\">Grounding<\/span><span class=\"tech-specs-items-description__title-details\">1<\/span><\/li>\n<li class=\"tech-specs-items-description-list\"><span class=\"tech-specs-items-description__title\">TAMPER Switch<\/span><span class=\"tech-specs-items-description__title-details\">1<\/span><\/li>\n<\/ul>\n<ul class=\"tech-specs-items-description\" data-target=\"Door station\/General\">\n<li class=\"tech-specs-items-description-list\"><span class=\"tech-specs-items-description__title--heading\">Door Station\/General<\/span><\/li>\n<li class=\"tech-specs-items-description-list\"><span class=\"tech-specs-items-description__title\">Power Consumption<\/span><span class=\"tech-specs-items-description__title-details\">\uff1c 10 W<\/span><\/li>\n<li class=\"tech-specs-items-description-list\"><span class=\"tech-specs-items-description__title\">Working Temperature<\/span><span class=\"tech-specs-items-description__title-details\">-40\u00b0 C to 53\u00b0 C(-40\u00b0 F to 127.4\u00b0 F)<\/span><\/li>\n<li class=\"tech-specs-items-description-list\"><span class=\"tech-specs-items-description__title\">Working Humidity<\/span><span class=\"tech-specs-items-description__title-details\">10% to 95%<\/span><\/li>\n<li class=\"tech-specs-items-description-list\"><span class=\"tech-specs-items-description__title\">Dimension<\/span><span class=\"tech-specs-items-description__title-details\">138 mm \u00d7 65 mm \u00d7 27 mm<\/span><\/li>\n<li class=\"tech-specs-items-description-list\"><span class=\"tech-specs-items-description__title\">Installation<\/span><span class=\"tech-specs-items-description__title-details\">Surface mounting<\/span><\/li>\n<li class=\"tech-specs-items-description-list\"><span class=\"tech-specs-items-description__title\">Protection Level<\/span><span class=\"tech-specs-items-description__title-details\">IP65<\/span><\/li>\n<li class=\"tech-specs-items-description-list\"><span class=\"tech-specs-items-description__title\">Indicator<\/span><span class=\"tech-specs-items-description__title-details\">2<\/span><\/li>\n<li class=\"tech-specs-items-description-list\"><span class=\"tech-specs-items-description__title\">Power Supply<\/span>\n<p class=\"mb-p\">IEEE802.3af, standard PoE<\/p>\n<p class=\"mb-p\">12 VDC<\/p>\n<\/li>\n<\/ul>\n<ul class=\"tech-specs-items-description\" data-target=\"Indoor station\/System parameters\">\n<li class=\"tech-specs-items-description-list\"><span class=\"tech-specs-items-description__title--heading\">Indoor Station\/System Parameters<\/span><\/li>\n<li class=\"tech-specs-items-description-list\"><span class=\"tech-specs-items-description__title\">Operation System<\/span><span class=\"tech-specs-items-description__title-details\">Embedded Linux operation system<\/span><\/li>\n<li class=\"tech-specs-items-description-list\"><span class=\"tech-specs-items-description__title\">Memory<\/span><span class=\"tech-specs-items-description__title-details\">128 MB<\/span><\/li>\n<li class=\"tech-specs-items-description-list\"><span class=\"tech-specs-items-description__title\">Flash<\/span><span class=\"tech-specs-items-description__title-details\">32 MB<\/span><\/li>\n<\/ul>\n<ul class=\"tech-specs-items-description\" data-target=\"Indoor station\/Display parameters\">\n<li class=\"tech-specs-items-description-list\"><span class=\"tech-specs-items-description__title--heading\">Indoor Station\/Display Parameters<\/span><\/li>\n<li class=\"tech-specs-items-description-list\"><span class=\"tech-specs-items-description__title\">Display Screen<\/span><span class=\"tech-specs-items-description__title-details\">7-inch colorful TFT screen<\/span><\/li>\n<li class=\"tech-specs-items-description-list\"><span class=\"tech-specs-items-description__title\">Display Resolution<\/span><span class=\"tech-specs-items-description__title-details\">1024 \u00d7 600<\/span><\/li>\n<li class=\"tech-specs-items-description-list\"><span class=\"tech-specs-items-description__title\">Operation Method<\/span><span class=\"tech-specs-items-description__title-details\">Capacitive touch screen<\/span><\/li>\n<\/ul>\n<ul class=\"tech-specs-items-description\" data-target=\"Indoor station\/Audio parameters\">\n<li class=\"tech-specs-items-description-list\"><span class=\"tech-specs-items-description__title--heading\">Indoor Station\/Audio Parameters<\/span><\/li>\n<li class=\"tech-specs-items-description-list\"><span class=\"tech-specs-items-description__title\">Audio Input<\/span><span class=\"tech-specs-items-description__title-details\">Built-in omnidirectional microphone<\/span><\/li>\n<li class=\"tech-specs-items-description-list\"><span class=\"tech-specs-items-description__title\">Audio Output<\/span><span class=\"tech-specs-items-description__title-details\">Built-in loudspeaker<\/span><\/li>\n<li class=\"tech-specs-items-description-list\"><span class=\"tech-specs-items-description__title\">Audio Quality<\/span><span class=\"tech-specs-items-description__title-details\">Noise suppression and echo cancellation<\/span><\/li>\n<li class=\"tech-specs-items-description-list\"><span class=\"tech-specs-items-description__title\">Audio Compression Standard<\/span><span class=\"tech-specs-items-description__title-details\">G.711 U<\/span><\/li>\n<li class=\"tech-specs-items-description-list\"><span class=\"tech-specs-items-description__title\">Audio Compression Rate<\/span><span class=\"tech-specs-items-description__title-details\">64 Kbps<\/span><\/li>\n<\/ul>\n<ul class=\"tech-specs-items-description\" data-target=\"Indoor station\/Network parameters\">\n<li class=\"tech-specs-items-description-list\"><span class=\"tech-specs-items-description__title--heading\">Indoor Station\/Network Parameters<\/span><\/li>\n<li class=\"tech-specs-items-description-list\"><span class=\"tech-specs-items-description__title\">Wired Network<\/span><span class=\"tech-specs-items-description__title-details\">10\/100 Mbps self-adaptive<\/span><\/li>\n<li class=\"tech-specs-items-description-list\"><span class=\"tech-specs-items-description__title\">Wireless Network<\/span><span class=\"tech-specs-items-description__title-details\">Wi-Fi 802.11 b\/g\/n<\/span><\/li>\n<li class=\"tech-specs-items-description-list\"><span class=\"tech-specs-items-description__title\">Protocol<\/span><span class=\"tech-specs-items-description__title-details\">TCP\/IP, SIP, RTSP<\/span><\/li>\n<li class=\"tech-specs-items-description-list\"><span class=\"tech-specs-items-description__title\">RS-485<\/span><span class=\"tech-specs-items-description__title-details\">1 RJ-45 10\/100 Mbps self-adaptive<\/span><\/li>\n<\/ul>\n<ul class=\"tech-specs-items-description\" data-target=\"Indoor station\/Device interfaces\">\n<li class=\"tech-specs-items-description-list\"><span class=\"tech-specs-items-description__title--heading\">Indoor Station\/Device Interfaces<\/span><\/li>\n<li class=\"tech-specs-items-description-list\"><span class=\"tech-specs-items-description__title\">RS-485<\/span><span class=\"tech-specs-items-description__title-details\">1<\/span><\/li>\n<li class=\"tech-specs-items-description-list\"><span class=\"tech-specs-items-description__title\">Alarm Input<\/span><span class=\"tech-specs-items-description__title-details\">8-ch alarm inputs<\/span><\/li>\n<li class=\"tech-specs-items-description-list\"><span class=\"tech-specs-items-description__title\">Relay Output<\/span><span class=\"tech-specs-items-description__title-details\">2<\/span><\/li>\n<li class=\"tech-specs-items-description-list\"><span class=\"tech-specs-items-description__title\">TF Card<\/span><span class=\"tech-specs-items-description__title-details\">Max to 32 G, SD 2.0 or lower version<\/span><\/li>\n<\/ul>\n<ul class=\"tech-specs-items-description\" data-target=\"Indoor station\/General\">\n<li class=\"tech-specs-items-description-list\"><span class=\"tech-specs-items-description__title--heading\">Indoor Station\/General<\/span><\/li>\n<li class=\"tech-specs-items-description-list\"><span class=\"tech-specs-items-description__title\">Power Consumption<\/span><span class=\"tech-specs-items-description__title-details\">\u2264 6 W<\/span><\/li>\n<li class=\"tech-specs-items-description-list\"><span class=\"tech-specs-items-description__title\">Working Temperature<\/span><span class=\"tech-specs-items-description__title-details\">-10 \u00b0C to 55 \u00b0C (14 \u00b0F to 131 \u00b0F)<\/span><\/li>\n<li class=\"tech-specs-items-description-list\"><span class=\"tech-specs-items-description__title\">Working Humidity<\/span><span class=\"tech-specs-items-description__title-details\">10% to 90%<\/span><\/li>\n<li class=\"tech-specs-items-description-list\"><span class=\"tech-specs-items-description__title\">Dimension (L X W X H)<\/span><span class=\"tech-specs-items-description__title-details\">200 mm \u00d7 140 mm \u00d7 15.1 mm (7.9&#8243; \u00d7 5.5&#8243; \u00d7 0.6&#8243;)<\/span><\/li>\n<\/ul>\n","protected":false},"excerpt":{"rendered":"<pre class=\"title \">DS-KIS603-P(C)\r\n\r\n<span class=\"prod_name-content\">IP Video Intercom Kit\u00a0<\/span><\/pre>\n<ul class=\"product_description_item-list\">\n<li class=\"product_description_item\">\n<pre>Indoor station: 7-inch touch screen, user friendly interface, Plug &amp; Play<\/pre>\n<\/li>\n<li class=\"product_description_item\">\n<pre>Indoor station: Easy, cost-efficient installation, Wifi &amp; POE Supported<\/pre>\n<\/li>\n<li class=\"product_description_item\">\n<pre>Indoor station: Receives video call and unlocks on mobile App anywhere, any time<\/pre>\n<\/li>\n<li class=\"product_description_item\">\n<pre>Indoor station: Supports live view of up to 16 IP cameras<\/pre>\n<\/li>\n<li class=\"product_description_item\">\n<pre>Door station: Hight quality imaging with 2MP resolution<\/pre>\n<\/li>\n<li class=\"product_description_item\">\n<pre>Door station: Easy, cost-efficient installation, Wifi &amp; POE Supported<\/pre>\n<\/li>\n<li class=\"product_description_item\">\n<pre>Door station: Easy configuration through WEB interface<\/pre>\n<\/li>\n<li class=\"product_description_item\">\n<pre>Door station: IP65 water resistant, preventing water ingress for outdoor use<\/pre>\n<\/li>\n<\/ul>\n","protected":false},"featured_media":3052,"comment_status":"open","ping_status":"closed","template":"","meta":{"_uag_custom_page_level_css":"","site-sidebar-layout":"default","site-content-layout":"default","ast-site-content-layout":"","site-content-style":"default","site-sidebar-style":"default","ast-global-header-display":"","ast-banner-title-visibility":"","ast-main-header-display":"","ast-hfb-above-header-display":"","ast-hfb-below-header-display":"","ast-hfb-mobile-header-display":"","site-post-title":"","ast-breadcrumbs-content":"","ast-featured-img":"","footer-sml-layout":"","theme-transparent-header-meta":"default","adv-header-id-meta":"","stick-header-meta":"","header-above-stick-meta":"","header-main-stick-meta":"","header-below-stick-meta":"","astra-migrate-meta-layouts":"default","ast-page-background-enabled":"default","ast-page-background-meta":{"desktop":{"background-color":"","background-image":"","background-repeat":"repeat","background-position":"center center","background-size":"auto","background-attachment":"scroll","background-type":"","background-media":"","overlay-type":"","overlay-color":"","overlay-gradient":""},"tablet":{"background-color":"","background-image":"","background-repeat":"repeat","background-position":"center center","background-size":"auto","background-attachment":"scroll","background-type":"","background-media":"","overlay-type":"","overlay-color":"","overlay-gradient":""},"mobile":{"background-color":"","background-image":"","background-repeat":"repeat","background-position":"center center","background-size":"auto","background-attachment":"scroll","background-type":"","background-media":"","overlay-type":"","overlay-color":"","overlay-gradient":""}},"ast-content-background-meta":{"desktop":{"background-color":"var(--ast-global-color-5)","background-image":"","background-repeat":"repeat","background-position":"center center","background-size":"auto","background-attachment":"scroll","background-type":"","background-media":"","overlay-type":"","overlay-color":"","overlay-gradient":""},"tablet":{"background-color":"var(--ast-global-color-5)","background-image":"","background-repeat":"repeat","background-position":"center center","background-size":"auto","background-attachment":"scroll","background-type":"","background-media":"","overlay-type":"","overlay-color":"","overlay-gradient":""},"mobile":{"background-color":"var(--ast-global-color-5)","background-image":"","background-repeat":"repeat","background-position":"center center","background-size":"auto","background-attachment":"scroll","background-type":"","background-media":"","overlay-type":"","overlay-color":"","overlay-gradient":""}}},"product_cat":[107,809],"product_tag":[302,397,403],"class_list":{"0":"post-3053","1":"product","2":"type-product","3":"status-publish","4":"has-post-thumbnail","6":"product_cat-107","7":"product_cat-809","8":"product_tag-hikvision-ar","9":"product_tag-intercom-ar","10":"product_tag---ar","11":"desktop-align-left","12":"tablet-align-left","13":"mobile-align-left","15":"first","16":"instock","17":"shipping-taxable","18":"purchasable","19":"product-type-simple"},"uagb_featured_image_src":{"full":["https:\/\/old.hamsatech-eg.com\/wp-content\/uploads\/2023\/04\/2mp-ds-kis603-p-c-video-intercom-kit-hd-ip-poe-bundle-complete-video-two-way-audio-kit-23928-p-1.jpg",1000,1000,false],"thumbnail":["https:\/\/old.hamsatech-eg.com\/wp-content\/uploads\/2023\/04\/2mp-ds-kis603-p-c-video-intercom-kit-hd-ip-poe-bundle-complete-video-two-way-audio-kit-23928-p-1-150x150.jpg",150,150,true],"medium":["https:\/\/old.hamsatech-eg.com\/wp-content\/uploads\/2023\/04\/2mp-ds-kis603-p-c-video-intercom-kit-hd-ip-poe-bundle-complete-video-two-way-audio-kit-23928-p-1-300x300.jpg",300,300,true],"medium_large":["https:\/\/old.hamsatech-eg.com\/wp-content\/uploads\/2023\/04\/2mp-ds-kis603-p-c-video-intercom-kit-hd-ip-poe-bundle-complete-video-two-way-audio-kit-23928-p-1-768x768.jpg",768,768,true],"large":["https:\/\/old.hamsatech-eg.com\/wp-content\/uploads\/2023\/04\/2mp-ds-kis603-p-c-video-intercom-kit-hd-ip-poe-bundle-complete-video-two-way-audio-kit-23928-p-1.jpg",1000,1000,false],"1536x1536":["https:\/\/old.hamsatech-eg.com\/wp-content\/uploads\/2023\/04\/2mp-ds-kis603-p-c-video-intercom-kit-hd-ip-poe-bundle-complete-video-two-way-audio-kit-23928-p-1.jpg",1000,1000,false],"2048x2048":["https:\/\/old.hamsatech-eg.com\/wp-content\/uploads\/2023\/04\/2mp-ds-kis603-p-c-video-intercom-kit-hd-ip-poe-bundle-complete-video-two-way-audio-kit-23928-p-1.jpg",1000,1000,false],"woocommerce_thumbnail":["https:\/\/old.hamsatech-eg.com\/wp-content\/uploads\/2023\/04\/2mp-ds-kis603-p-c-video-intercom-kit-hd-ip-poe-bundle-complete-video-two-way-audio-kit-23928-p-1-300x300.jpg",300,300,true],"woocommerce_single":["https:\/\/old.hamsatech-eg.com\/wp-content\/uploads\/2023\/04\/2mp-ds-kis603-p-c-video-intercom-kit-hd-ip-poe-bundle-complete-video-two-way-audio-kit-23928-p-1-600x600.jpg",600,600,true],"woocommerce_gallery_thumbnail":["https:\/\/old.hamsatech-eg.com\/wp-content\/uploads\/2023\/04\/2mp-ds-kis603-p-c-video-intercom-kit-hd-ip-poe-bundle-complete-video-two-way-audio-kit-23928-p-1-100x100.jpg",100,100,true]},"uagb_author_info":{"display_name":"hamsatech@yahoo.com","author_link":"https:\/\/old.hamsatech-eg.com\/?author=0"},"uagb_comment_info":0,"uagb_excerpt":"DS-KIS603-P(C) IP Video Intercom Kit\u00a0 Indoor station: 7-inch touch screen, user friendly interface, Plug &amp; Play Indoor station: Easy, cost-efficient installation, Wifi &amp; POE Supported Indoor station: Receives video call and unlocks on mobile App anywhere, any time Indoor station: Supports live view of up to 16 IP cameras Door station: Hight quality imaging with&hellip;","_links":{"self":[{"href":"https:\/\/old.hamsatech-eg.com\/index.php?rest_route=\/wp\/v2\/product\/3053","targetHints":{"allow":["GET"]}}],"collection":[{"href":"https:\/\/old.hamsatech-eg.com\/index.php?rest_route=\/wp\/v2\/product"}],"about":[{"href":"https:\/\/old.hamsatech-eg.com\/index.php?rest_route=\/wp\/v2\/types\/product"}],"replies":[{"embeddable":true,"href":"https:\/\/old.hamsatech-eg.com\/index.php?rest_route=%2Fwp%2Fv2%2Fcomments&post=3053"}],"wp:featuredmedia":[{"embeddable":true,"href":"https:\/\/old.hamsatech-eg.com\/index.php?rest_route=\/wp\/v2\/media\/3052"}],"wp:attachment":[{"href":"https:\/\/old.hamsatech-eg.com\/index.php?rest_route=%2Fwp%2Fv2%2Fmedia&parent=3053"}],"wp:term":[{"taxonomy":"product_cat","embeddable":true,"href":"https:\/\/old.hamsatech-eg.com\/index.php?rest_route=%2Fwp%2Fv2%2Fproduct_cat&post=3053"},{"taxonomy":"product_tag","embeddable":true,"href":"https:\/\/old.hamsatech-eg.com\/index.php?rest_route=%2Fwp%2Fv2%2Fproduct_tag&post=3053"}],"curies":[{"name":"wp","href":"https:\/\/api.w.org\/{rel}","templated":true}]}}