{"id":3049,"date":"2023-04-29T13:38:22","date_gmt":"2023-04-29T13:38:22","guid":{"rendered":"https:\/\/old.hamsatech-eg.com\/?post_type=product&#038;p=3049"},"modified":"2023-04-29T13:39:18","modified_gmt":"2023-04-29T13:39:18","slug":"%d8%a7%d9%86%d8%aa%d8%b1%d9%83%d9%85-%d9%85%d8%b1%d8%a6%d9%89-ds-kis302-p","status":"publish","type":"product","link":"https:\/\/old.hamsatech-eg.com\/?product=%D8%A7%D9%86%D8%AA%D8%B1%D9%83%D9%85-%D9%85%D8%B1%D8%A6%D9%89-ds-kis302-p&lang=ar","title":{"rendered":"\u0627\u0646\u062a\u0631\u0643\u0645 \u0645\u0631\u0626\u0649 DS-KIS302-P"},"content":{"rendered":"<p>Intercom video DS-KIS302-P<\/p>\n<ul class=\"tech-specs-items-description\" data-target=\"Door station\/Video parameters\">\n<li class=\"tech-specs-items-description-list\"><span class=\"tech-specs-items-description__title\">Resolution<\/span><span class=\"tech-specs-items-description__title-details\">1920 x 1080<\/span><\/li>\n<li class=\"tech-specs-items-description-list\"><span class=\"tech-specs-items-description__title\">FOV<\/span><span class=\"tech-specs-items-description__title-details\">Horizontal: 66.2\u00b0\uff0cVertical: 37.2\u00b0<\/span><\/li>\n<\/ul>\n<ul class=\"tech-specs-items-description\" data-target=\"Door station\/Audio parameters\">\n<li class=\"tech-specs-items-description-list\"><span class=\"tech-specs-items-description__title--heading\">Door Station\/Audio Parameters<\/span><\/li>\n<li class=\"tech-specs-items-description-list\"><span class=\"tech-specs-items-description__title\">Audio Input<\/span><span class=\"tech-specs-items-description__title-details\">Built-in omnidirectional microphone<\/span><\/li>\n<li class=\"tech-specs-items-description-list\"><span class=\"tech-specs-items-description__title\">Audio Output<\/span><span class=\"tech-specs-items-description__title-details\">Built-in loudspeaker<\/span><\/li>\n<\/ul>\n<ul class=\"tech-specs-items-description\" data-target=\"Door station\/Device interfaces\">\n<li class=\"tech-specs-items-description-list\"><span class=\"tech-specs-items-description__title--heading\">Door Station\/Device Interfaces<\/span><\/li>\n<li class=\"tech-specs-items-description-list\"><span class=\"tech-specs-items-description__title\">I\/O Output<\/span><span class=\"tech-specs-items-description__title-details\">1 relay output<\/span><\/li>\n<li class=\"tech-specs-items-description-list\"><span class=\"tech-specs-items-description__title\">Four-Wire<\/span><span class=\"tech-specs-items-description__title-details\">1 for 4-wire interface<\/span><\/li>\n<\/ul>\n<ul class=\"tech-specs-items-description\" data-target=\"Door station\/General\">\n<li class=\"tech-specs-items-description-list\"><span class=\"tech-specs-items-description__title--heading\">Door Station\/General<\/span><\/li>\n<li class=\"tech-specs-items-description-list\"><span class=\"tech-specs-items-description__title\">Power Supply<\/span><span class=\"tech-specs-items-description__title-details\">12 VDC<\/span><\/li>\n<li class=\"tech-specs-items-description-list\"><span class=\"tech-specs-items-description__title\">Power Consumption<\/span><span class=\"tech-specs-items-description__title-details\">Max. 5 W<\/span><\/li>\n<li class=\"tech-specs-items-description-list\"><span class=\"tech-specs-items-description__title\">Working Temperature<\/span><span class=\"tech-specs-items-description__title-details\">-10\u00b0 C to 55\u00b0 C (14\u00b0 F to 131\u00b0 F)<\/span><\/li>\n<li class=\"tech-specs-items-description-list\"><span class=\"tech-specs-items-description__title\">Working Humidity<\/span><span class=\"tech-specs-items-description__title-details\">10% to 90%<\/span><\/li>\n<li class=\"tech-specs-items-description-list\"><span class=\"tech-specs-items-description__title\">Dimensions<\/span><span class=\"tech-specs-items-description__title-details\">135.14 mm \u00d7 49.6 mm \u00d7 41.93 mm (5.32&#8243; \u00d7 1.95&#8243; \u00d7 1.65&#8243;)<\/span><\/li>\n<\/ul>\n<ul class=\"tech-specs-items-description\" data-target=\"Indoor station\/System parameters\">\n<li class=\"tech-specs-items-description-list\"><span class=\"tech-specs-items-description__title--heading\">Indoor Station\/System Parameters<\/span><\/li>\n<li class=\"tech-specs-items-description-list\"><span class=\"tech-specs-items-description__title\">Operation System<\/span><span class=\"tech-specs-items-description__title-details\">Embedded Linux operation system<\/span><\/li>\n<li class=\"tech-specs-items-description-list\"><span class=\"tech-specs-items-description__title\">RAM<\/span><span class=\"tech-specs-items-description__title-details\">128 MB<\/span><\/li>\n<li class=\"tech-specs-items-description-list\"><span class=\"tech-specs-items-description__title\">ROM<\/span><span class=\"tech-specs-items-description__title-details\">32 MB<\/span><\/li>\n<\/ul>\n<ul class=\"tech-specs-items-description\" data-target=\"Indoor station\/Display parameters\">\n<li class=\"tech-specs-items-description-list\"><span class=\"tech-specs-items-description__title--heading\">Indoor Station\/Display Parameters<\/span><\/li>\n<li class=\"tech-specs-items-description-list\"><span class=\"tech-specs-items-description__title\">Size<\/span><span class=\"tech-specs-items-description__title-details\">7-inch colorful TFT screen<\/span><\/li>\n<li class=\"tech-specs-items-description-list\"><span class=\"tech-specs-items-description__title\">Operation Method<\/span><span class=\"tech-specs-items-description__title-details\">Capacitive touch screen<\/span><\/li>\n<li class=\"tech-specs-items-description-list\"><span class=\"tech-specs-items-description__title\">Type<\/span><span class=\"tech-specs-items-description__title-details\">Colorful TFT screen<\/span><\/li>\n<li class=\"tech-specs-items-description-list\"><span class=\"tech-specs-items-description__title\">Resolution<\/span><span class=\"tech-specs-items-description__title-details\">1024 \u00d7 600<\/span><\/li>\n<\/ul>\n<ul class=\"tech-specs-items-description\" data-target=\"Indoor station\/Video parameter\">\n<li class=\"tech-specs-items-description-list\"><span class=\"tech-specs-items-description__title--heading\">Indoor Station\/Video Parameter<\/span><\/li>\n<li class=\"tech-specs-items-description-list\"><span class=\"tech-specs-items-description__title\">Resolution<\/span><span class=\"tech-specs-items-description__title-details\">\/<\/span><\/li>\n<li class=\"tech-specs-items-description-list\"><span class=\"tech-specs-items-description__title\">Lens<\/span><span class=\"tech-specs-items-description__title-details\">\/<\/span><\/li>\n<li class=\"tech-specs-items-description-list\"><span class=\"tech-specs-items-description__title\">WDR<\/span><span class=\"tech-specs-items-description__title-details\">\/<\/span><\/li>\n<li class=\"tech-specs-items-description-list\"><span class=\"tech-specs-items-description__title\">FOV<\/span><span class=\"tech-specs-items-description__title-details\">\/<\/span><\/li>\n<\/ul>\n<ul class=\"tech-specs-items-description\" data-target=\"Indoor station\/Audio parameters\">\n<li class=\"tech-specs-items-description-list\"><span class=\"tech-specs-items-description__title--heading\">Indoor Station\/Audio Parameters<\/span><\/li>\n<li class=\"tech-specs-items-description-list\"><span class=\"tech-specs-items-description__title\">Audio Input<\/span><span class=\"tech-specs-items-description__title-details\">Built-in omnidirectional microphone<\/span><\/li>\n<li class=\"tech-specs-items-description-list\"><span class=\"tech-specs-items-description__title\">Audio Output<\/span><span class=\"tech-specs-items-description__title-details\">Built-in loudspeaker<\/span><\/li>\n<li class=\"tech-specs-items-description-list\"><span class=\"tech-specs-items-description__title\">Audio Compression Rate<\/span><span class=\"tech-specs-items-description__title-details\">64 Kps<\/span><\/li>\n<li class=\"tech-specs-items-description-list\"><span class=\"tech-specs-items-description__title\">Audio Compression Standard<\/span><span class=\"tech-specs-items-description__title-details\">G.711 U G.711 A<\/span><\/li>\n<li class=\"tech-specs-items-description-list\"><span class=\"tech-specs-items-description__title\">Volume Adjustment<\/span><span class=\"tech-specs-items-description__title-details\">Adjustable<\/span><\/li>\n<li class=\"tech-specs-items-description-list\"><span class=\"tech-specs-items-description__title\">Audio Quality<\/span><span class=\"tech-specs-items-description__title-details\">Noise suppression and echo cancellation<\/span><\/li>\n<\/ul>\n<ul class=\"tech-specs-items-description\" data-target=\"Indoor station\/Capacity parameters \">\n<li class=\"tech-specs-items-description-list\"><span class=\"tech-specs-items-description__title--heading\">Indoor Station\/Capacity Parameters<\/span><\/li>\n<li class=\"tech-specs-items-description-list\"><span class=\"tech-specs-items-description__title\">Linked IPC Capacity<\/span><span class=\"tech-specs-items-description__title-details\">16<\/span><\/li>\n<li class=\"tech-specs-items-description-list\"><span class=\"tech-specs-items-description__title\">Notice Capacity<\/span><span class=\"tech-specs-items-description__title-details\">200<\/span><\/li>\n<li class=\"tech-specs-items-description-list\"><span class=\"tech-specs-items-description__title\">Linked Indoor Extensions Capacity<\/span><span class=\"tech-specs-items-description__title-details\">5<\/span><\/li>\n<li class=\"tech-specs-items-description-list\"><span class=\"tech-specs-items-description__title\">Linked Doorphone Capacity<\/span><span class=\"tech-specs-items-description__title-details\">2 analog doorphones, 15 IP doorphones Max.<\/span><\/li>\n<\/ul>\n<ul class=\"tech-specs-items-description\" data-target=\"Indoor station\/Network parameters\">\n<li class=\"tech-specs-items-description-list\"><span class=\"tech-specs-items-description__title--heading\">Indoor Station\/Network Parameters<\/span><\/li>\n<li class=\"tech-specs-items-description-list\"><span class=\"tech-specs-items-description__title\">Wired Network<\/span><span class=\"tech-specs-items-description__title-details\">10\/100 Mbps self-adaptive<\/span><\/li>\n<li class=\"tech-specs-items-description-list\"><span class=\"tech-specs-items-description__title\">Wi-Fi<\/span><span class=\"tech-specs-items-description__title-details\">Wi-Fi 802.11 b\/g\/n<\/span><\/li>\n<li class=\"tech-specs-items-description-list\"><span class=\"tech-specs-items-description__title\">3G\/4G<\/span><span class=\"tech-specs-items-description__title-details\">\/<\/span><\/li>\n<li class=\"tech-specs-items-description-list\"><span class=\"tech-specs-items-description__title\">Bluetooth<\/span><span class=\"tech-specs-items-description__title-details\">\/<\/span><\/li>\n<li class=\"tech-specs-items-description-list\"><span class=\"tech-specs-items-description__title\">Protocol<\/span><span class=\"tech-specs-items-description__title-details\">TCP\/IP, SIP, RTSP<\/span><\/li>\n<\/ul>\n<ul class=\"tech-specs-items-description\" data-target=\"Indoor station\/Device interfaces\">\n<li class=\"tech-specs-items-description-list\"><span class=\"tech-specs-items-description__title--heading\">Indoor Station\/Device Interfaces<\/span><\/li>\n<li class=\"tech-specs-items-description-list\"><span class=\"tech-specs-items-description__title\">Network Interface<\/span><span class=\"tech-specs-items-description__title-details\">1 RJ-45 10\/100 Mbps self-adaptive<\/span><\/li>\n<li class=\"tech-specs-items-description-list\"><span class=\"tech-specs-items-description__title\">RS-485<\/span><span class=\"tech-specs-items-description__title-details\">1<\/span><\/li>\n<li class=\"tech-specs-items-description-list\"><span class=\"tech-specs-items-description__title\">Alarm Input<\/span><span class=\"tech-specs-items-description__title-details\">2-ch alarm inputs<\/span><\/li>\n<li class=\"tech-specs-items-description-list\"><span class=\"tech-specs-items-description__title\">Alarm Output<\/span><span class=\"tech-specs-items-description__title-details\">2<\/span><\/li>\n<li class=\"tech-specs-items-description-list\"><span class=\"tech-specs-items-description__title\">Power Input<\/span><span class=\"tech-specs-items-description__title-details\">1, 12 VDC<\/span><\/li>\n<li class=\"tech-specs-items-description-list\"><span class=\"tech-specs-items-description__title\">TAMPER<\/span><span class=\"tech-specs-items-description__title-details\">\/<\/span><\/li>\n<li class=\"tech-specs-items-description-list\"><span class=\"tech-specs-items-description__title\">TF Card<\/span><span class=\"tech-specs-items-description__title-details\">Max to 128 G, SD 2.0 or lower version<\/span><\/li>\n<li class=\"tech-specs-items-description-list\"><span class=\"tech-specs-items-description__title\">USB Interface<\/span><span class=\"tech-specs-items-description__title-details\">\/<\/span><\/li>\n<li class=\"tech-specs-items-description-list\"><span class=\"tech-specs-items-description__title\">Four-Wire Interface<\/span><span class=\"tech-specs-items-description__title-details\">2<\/span><\/li>\n<\/ul>\n<ul class=\"tech-specs-items-description\" data-target=\"Indoor station\/General\">\n<li class=\"tech-specs-items-description-list\"><span class=\"tech-specs-items-description__title--heading\">Indoor Station\/General<\/span><\/li>\n<li class=\"tech-specs-items-description-list\"><span class=\"tech-specs-items-description__title\">Button<\/span><span class=\"tech-specs-items-description__title-details\">0<\/span><\/li>\n<li class=\"tech-specs-items-description-list\"><span class=\"tech-specs-items-description__title\">Power Supply<\/span><span class=\"tech-specs-items-description__title-details\">IEEE802.3af, Standard PoE,12V DC<\/span><\/li>\n<li class=\"tech-specs-items-description-list\"><span class=\"tech-specs-items-description__title\">Power Consumption<\/span><span class=\"tech-specs-items-description__title-details\">\u2264 6 W<\/span><\/li>\n<li class=\"tech-specs-items-description-list\"><span class=\"tech-specs-items-description__title\">Working Temperature<\/span><span class=\"tech-specs-items-description__title-details\">-10 \u00b0C to 50 \u00b0C (14 \u00b0F to 122 \u00b0F)<\/span><\/li>\n<li class=\"tech-specs-items-description-list\"><span class=\"tech-specs-items-description__title\">Working Humidity<\/span><span class=\"tech-specs-items-description__title-details\">10% to 90%<\/span><\/li>\n<li class=\"tech-specs-items-description-list\"><span class=\"tech-specs-items-description__title\">Dimensions (W \u00d7 H \u00d7 D)<\/span><span class=\"tech-specs-items-description__title-details\">200 mm \u00d7 140 mm \u00d7 23.6 mm (7.9&#8243; \u00d7 5.5&#8243; \u00d7 0.9&#8243;)<\/span><\/li>\n<li class=\"tech-specs-items-description-list\"><span class=\"tech-specs-items-description__title\">Installation<\/span><span class=\"tech-specs-items-description__title-details\">Surface mounting<\/span><\/li>\n<li class=\"tech-specs-items-description-list\"><span class=\"tech-specs-items-description__title\">Application Environment<\/span><span class=\"tech-specs-items-description__title-details\">Indoor<\/span><\/li>\n<li class=\"tech-specs-items-description-list\"><span class=\"tech-specs-items-description__title\">Protective Level<\/span><span class=\"tech-specs-items-description__title-details\">\/<\/span><\/li>\n<li class=\"tech-specs-items-description-list\"><span class=\"tech-specs-items-description__title\">Weight<\/span>\n<p class=\"mb-p\">With package: 365 g<\/p>\n<p class=\"mb-p\">Without package: 355 g<\/p>\n<p><strong>DATA SHEET<\/strong><\/li>\n<li><a href=\"https:\/\/www.hikvision.com\/content\/dam\/hikvision\/products\/S000000001\/S000000083\/S000000088\/S000007779\/OFR010229\/M000061733\/Data_Sheet\/DS-KIS302-P_Hybrid-Intercom-Kit_Datasheet_V1.0.0.pdf\">DS-KIS302-P_Hybrid-Intercom-Kit_Datasheet_V1.0.0.pdf (hikvision.com)<\/a><\/li>\n<\/ul>\n","protected":false},"excerpt":{"rendered":"<ul class=\"product_description_item-list\">\n<li>\u0628\u0634\u0627\u0634\u0629 7 \u0628\u0648\u0635\u0629<\/li>\n<li class=\"product_description_item\">Hybrid Intercom Kit with 1 indoor station and 1 four-wire door station<\/li>\n<li class=\"product_description_item\">User-friendly control with a convenient touch screen<\/li>\n<li class=\"product_description_item\">Convenient management via the Hik-Connect mobile client<\/li>\n<li class=\"product_description_item\">More cost-effective options with doorbells<\/li>\n<li class=\"product_description_item\">Easy installation as the doorbell requires no exclusive power supply<\/li>\n<\/ul>\n","protected":false},"featured_media":3047,"comment_status":"open","ping_status":"closed","template":"","meta":{"_uag_custom_page_level_css":"","site-sidebar-layout":"default","site-content-layout":"default","ast-site-content-layout":"","site-content-style":"default","site-sidebar-style":"default","ast-global-header-display":"","ast-banner-title-visibility":"","ast-main-header-display":"","ast-hfb-above-header-display":"","ast-hfb-below-header-display":"","ast-hfb-mobile-header-display":"","site-post-title":"","ast-breadcrumbs-content":"","ast-featured-img":"","footer-sml-layout":"","theme-transparent-header-meta":"default","adv-header-id-meta":"","stick-header-meta":"","header-above-stick-meta":"","header-main-stick-meta":"","header-below-stick-meta":"","astra-migrate-meta-layouts":"default","ast-page-background-enabled":"default","ast-page-background-meta":{"desktop":{"background-color":"","background-image":"","background-repeat":"repeat","background-position":"center center","background-size":"auto","background-attachment":"scroll","background-type":"","background-media":"","overlay-type":"","overlay-color":"","overlay-gradient":""},"tablet":{"background-color":"","background-image":"","background-repeat":"repeat","background-position":"center center","background-size":"auto","background-attachment":"scroll","background-type":"","background-media":"","overlay-type":"","overlay-color":"","overlay-gradient":""},"mobile":{"background-color":"","background-image":"","background-repeat":"repeat","background-position":"center center","background-size":"auto","background-attachment":"scroll","background-type":"","background-media":"","overlay-type":"","overlay-color":"","overlay-gradient":""}},"ast-content-background-meta":{"desktop":{"background-color":"var(--ast-global-color-5)","background-image":"","background-repeat":"repeat","background-position":"center center","background-size":"auto","background-attachment":"scroll","background-type":"","background-media":"","overlay-type":"","overlay-color":"","overlay-gradient":""},"tablet":{"background-color":"var(--ast-global-color-5)","background-image":"","background-repeat":"repeat","background-position":"center center","background-size":"auto","background-attachment":"scroll","background-type":"","background-media":"","overlay-type":"","overlay-color":"","overlay-gradient":""},"mobile":{"background-color":"var(--ast-global-color-5)","background-image":"","background-repeat":"repeat","background-position":"center center","background-size":"auto","background-attachment":"scroll","background-type":"","background-media":"","overlay-type":"","overlay-color":"","overlay-gradient":""}}},"product_cat":[107,809],"product_tag":[302,397,400,403],"class_list":{"0":"post-3049","1":"product","2":"type-product","3":"status-publish","4":"has-post-thumbnail","6":"product_cat-107","7":"product_cat-809","8":"product_tag-hikvision-ar","9":"product_tag-intercom-ar","10":"product_tag--ar","11":"product_tag---ar","12":"desktop-align-left","13":"tablet-align-left","14":"mobile-align-left","16":"first","17":"instock","18":"shipping-taxable","19":"purchasable","20":"product-type-simple"},"uagb_featured_image_src":{"full":["https:\/\/old.hamsatech-eg.com\/wp-content\/uploads\/2023\/04\/Hybrid-Intercom-Kit-1-1024x1024-1.png",1024,1024,false],"thumbnail":["https:\/\/old.hamsatech-eg.com\/wp-content\/uploads\/2023\/04\/Hybrid-Intercom-Kit-1-1024x1024-1-150x150.png",150,150,true],"medium":["https:\/\/old.hamsatech-eg.com\/wp-content\/uploads\/2023\/04\/Hybrid-Intercom-Kit-1-1024x1024-1-300x300.png",300,300,true],"medium_large":["https:\/\/old.hamsatech-eg.com\/wp-content\/uploads\/2023\/04\/Hybrid-Intercom-Kit-1-1024x1024-1-768x768.png",768,768,true],"large":["https:\/\/old.hamsatech-eg.com\/wp-content\/uploads\/2023\/04\/Hybrid-Intercom-Kit-1-1024x1024-1.png",1024,1024,false],"1536x1536":["https:\/\/old.hamsatech-eg.com\/wp-content\/uploads\/2023\/04\/Hybrid-Intercom-Kit-1-1024x1024-1.png",1024,1024,false],"2048x2048":["https:\/\/old.hamsatech-eg.com\/wp-content\/uploads\/2023\/04\/Hybrid-Intercom-Kit-1-1024x1024-1.png",1024,1024,false],"woocommerce_thumbnail":["https:\/\/old.hamsatech-eg.com\/wp-content\/uploads\/2023\/04\/Hybrid-Intercom-Kit-1-1024x1024-1-300x300.png",300,300,true],"woocommerce_single":["https:\/\/old.hamsatech-eg.com\/wp-content\/uploads\/2023\/04\/Hybrid-Intercom-Kit-1-1024x1024-1-600x600.png",600,600,true],"woocommerce_gallery_thumbnail":["https:\/\/old.hamsatech-eg.com\/wp-content\/uploads\/2023\/04\/Hybrid-Intercom-Kit-1-1024x1024-1-100x100.png",100,100,true]},"uagb_author_info":{"display_name":"hamsatech@yahoo.com","author_link":"https:\/\/old.hamsatech-eg.com\/?author=0"},"uagb_comment_info":0,"uagb_excerpt":"\u0628\u0634\u0627\u0634\u0629 7 \u0628\u0648\u0635\u0629 Hybrid Intercom Kit with 1 indoor station and 1 four-wire door station User-friendly control with a convenient touch screen Convenient management via the Hik-Connect mobile client More cost-effective options with doorbells Easy installation as the doorbell requires no exclusive power supply","_links":{"self":[{"href":"https:\/\/old.hamsatech-eg.com\/index.php?rest_route=\/wp\/v2\/product\/3049","targetHints":{"allow":["GET"]}}],"collection":[{"href":"https:\/\/old.hamsatech-eg.com\/index.php?rest_route=\/wp\/v2\/product"}],"about":[{"href":"https:\/\/old.hamsatech-eg.com\/index.php?rest_route=\/wp\/v2\/types\/product"}],"replies":[{"embeddable":true,"href":"https:\/\/old.hamsatech-eg.com\/index.php?rest_route=%2Fwp%2Fv2%2Fcomments&post=3049"}],"wp:featuredmedia":[{"embeddable":true,"href":"https:\/\/old.hamsatech-eg.com\/index.php?rest_route=\/wp\/v2\/media\/3047"}],"wp:attachment":[{"href":"https:\/\/old.hamsatech-eg.com\/index.php?rest_route=%2Fwp%2Fv2%2Fmedia&parent=3049"}],"wp:term":[{"taxonomy":"product_cat","embeddable":true,"href":"https:\/\/old.hamsatech-eg.com\/index.php?rest_route=%2Fwp%2Fv2%2Fproduct_cat&post=3049"},{"taxonomy":"product_tag","embeddable":true,"href":"https:\/\/old.hamsatech-eg.com\/index.php?rest_route=%2Fwp%2Fv2%2Fproduct_tag&post=3049"}],"curies":[{"name":"wp","href":"https:\/\/api.w.org\/{rel}","templated":true}]}}