{"id":1934,"date":"2022-12-28T09:36:36","date_gmt":"2022-12-28T09:36:36","guid":{"rendered":"https:\/\/old.hamsatech-eg.com\/?post_type=product&#038;p=1934"},"modified":"2023-08-01T14:17:37","modified_gmt":"2023-08-01T14:17:37","slug":"ds-2ce16h0t-itpf","status":"publish","type":"product","link":"https:\/\/old.hamsatech-eg.com\/?product=ds-2ce16h0t-itpf","title":{"rendered":"5 MP Fixed Mini Bullet Camera"},"content":{"rendered":"<p>^\u0189\u011e\u0110\u015d\u012e\u0110\u0102\u019f\u017d\u0176<br \/>\nCamera<br \/>\nImage Sensor 5 MP CMOS<br \/>\nSignal System PAL\/NTSC<br \/>\n2560 (H) \u00d7 1944 (V)<br \/>\nFrame Rate<br \/>\nTVI: 5M@20fps, 4M@30fps, 4M@25fps, 1080p@30fps, 1080p@25fps<br \/>\nAHD: 5M@20fps, 4M@30fps, 4M@25fps<br \/>\nCVI: 4M@30fps, 4M@25fps<br \/>\nCVBS: PAL\/NTSC<br \/>\nMin. 0.01 Lux@(F1.2, AGC ON), 0 Lux with IR<br \/>\nTime PAL: 1\/25 s to 1\/50, 000 s<br \/>\nNTSC: 1\/30 s to 1\/50, 000 s<br \/>\nLens 2.4 mm, 2.8 mm, 3.6 mm, 6 mm lens<br \/>\nField of View<br \/>\n2.4 mm, horizontal FOV: 110\u00b0, FOV: 81\u00b0, diagonal FOV:137\u00b0<br \/>\n2.8 mm, horizontal FOV: 85\u00b0, FOV: 63\u00b0, diagonal FOV:110\u00b0<br \/>\n3.6 mm, horizontal FOV: 80\u00b0, FOV: 63\u00b0, diagonal FOV:105\u00b0<br \/>\n6 mm, horizontal FOV: 57\u00b0, FOV: 43\u00b0, diagonal FOV:72\u00b0<br \/>\nLens Mount M12<br \/>\nDay &amp; Night ICR<br \/>\nWDR (Wide Dynamic Range) Digital WDR<br \/>\nAngle Adjustment Pan: 0 to 360\u00b0, Tilt: 0 to 90\u00b0, 0 to 360\u00b0<\/p>\n","protected":false},"excerpt":{"rendered":"<h6>DS-2CE16H0T-ITPF<\/h6>\n<h6 class=\"prod_name\"><span class=\"prod_name-content\">5 MP Fixed Mini Bullet Camera<\/span><\/h6>\n<ul class=\"product_description_item-list\">\n<li class=\"product_description_item\">5 MP bullet camera<\/li>\n<li class=\"product_description_item\">EXIR 2.0: advanced infrared technology with 25 m IR distance<\/li>\n<li class=\"product_description_item\">Water and dust resistant (IP67)<\/li>\n<li class=\"product_description_item\">4 in 1 (4 signals switchable TVI\/AHD\/CVI\/CVBS)<\/li>\n<\/ul>\n","protected":false},"featured_media":1935,"comment_status":"open","ping_status":"closed","template":"","meta":{"_uag_custom_page_level_css":"","site-sidebar-layout":"default","site-content-layout":"default","ast-site-content-layout":"","site-content-style":"default","site-sidebar-style":"default","ast-global-header-display":"","ast-banner-title-visibility":"","ast-main-header-display":"","ast-hfb-above-header-display":"","ast-hfb-below-header-display":"","ast-hfb-mobile-header-display":"","site-post-title":"","ast-breadcrumbs-content":"","ast-featured-img":"","footer-sml-layout":"","theme-transparent-header-meta":"default","adv-header-id-meta":"","stick-header-meta":"","header-above-stick-meta":"","header-main-stick-meta":"","header-below-stick-meta":"","astra-migrate-meta-layouts":"default","ast-page-background-enabled":"default","ast-page-background-meta":{"desktop":{"background-color":"","background-image":"","background-repeat":"repeat","background-position":"center center","background-size":"auto","background-attachment":"scroll","background-type":"","background-media":"","overlay-type":"","overlay-color":"","overlay-gradient":""},"tablet":{"background-color":"","background-image":"","background-repeat":"repeat","background-position":"center center","background-size":"auto","background-attachment":"scroll","background-type":"","background-media":"","overlay-type":"","overlay-color":"","overlay-gradient":""},"mobile":{"background-color":"","background-image":"","background-repeat":"repeat","background-position":"center center","background-size":"auto","background-attachment":"scroll","background-type":"","background-media":"","overlay-type":"","overlay-color":"","overlay-gradient":""}},"ast-content-background-meta":{"desktop":{"background-color":"var(--ast-global-color-5)","background-image":"","background-repeat":"repeat","background-position":"center center","background-size":"auto","background-attachment":"scroll","background-type":"","background-media":"","overlay-type":"","overlay-color":"","overlay-gradient":""},"tablet":{"background-color":"var(--ast-global-color-5)","background-image":"","background-repeat":"repeat","background-position":"center center","background-size":"auto","background-attachment":"scroll","background-type":"","background-media":"","overlay-type":"","overlay-color":"","overlay-gradient":""},"mobile":{"background-color":"var(--ast-global-color-5)","background-image":"","background-repeat":"repeat","background-position":"center center","background-size":"auto","background-attachment":"scroll","background-type":"","background-media":"","overlay-type":"","overlay-color":"","overlay-gradient":""}}},"product_cat":[39],"product_tag":[291,289,293,448,297,295,446,465],"class_list":{"0":"post-1934","1":"product","2":"type-product","3":"status-publish","4":"has-post-thumbnail","6":"product_cat-hikvision-en","7":"product_tag-camera","8":"product_tag-hikvision","9":"product_tag-security-camera","10":"product_tag-smart-home-camera","11":"product_tag-297","12":"product_tag-295","13":"product_tag-446","14":"product_tag----en","15":"desktop-align-left","16":"tablet-align-left","17":"mobile-align-left","19":"first","20":"instock","21":"shipping-taxable","22":"purchasable","23":"product-type-simple"},"uagb_featured_image_src":{"full":["https:\/\/old.hamsatech-eg.com\/wp-content\/uploads\/2022\/12\/DS-2CE16H0T-ITPF.png.thumb_.1280.1280.png",1280,720,false],"thumbnail":["https:\/\/old.hamsatech-eg.com\/wp-content\/uploads\/2022\/12\/DS-2CE16H0T-ITPF.png.thumb_.1280.1280-150x150.png",150,150,true],"medium":["https:\/\/old.hamsatech-eg.com\/wp-content\/uploads\/2022\/12\/DS-2CE16H0T-ITPF.png.thumb_.1280.1280-300x169.png",300,169,true],"medium_large":["https:\/\/old.hamsatech-eg.com\/wp-content\/uploads\/2022\/12\/DS-2CE16H0T-ITPF.png.thumb_.1280.1280-768x432.png",768,432,true],"large":["https:\/\/old.hamsatech-eg.com\/wp-content\/uploads\/2022\/12\/DS-2CE16H0T-ITPF.png.thumb_.1280.1280-1024x576.png",1024,576,true],"1536x1536":["https:\/\/old.hamsatech-eg.com\/wp-content\/uploads\/2022\/12\/DS-2CE16H0T-ITPF.png.thumb_.1280.1280.png",1280,720,false],"2048x2048":["https:\/\/old.hamsatech-eg.com\/wp-content\/uploads\/2022\/12\/DS-2CE16H0T-ITPF.png.thumb_.1280.1280.png",1280,720,false],"woocommerce_thumbnail":["https:\/\/old.hamsatech-eg.com\/wp-content\/uploads\/2022\/12\/DS-2CE16H0T-ITPF.png.thumb_.1280.1280-300x300.png",300,300,true],"woocommerce_single":["https:\/\/old.hamsatech-eg.com\/wp-content\/uploads\/2022\/12\/DS-2CE16H0T-ITPF.png.thumb_.1280.1280-600x338.png",600,338,true],"woocommerce_gallery_thumbnail":["https:\/\/old.hamsatech-eg.com\/wp-content\/uploads\/2022\/12\/DS-2CE16H0T-ITPF.png.thumb_.1280.1280-100x100.png",100,100,true]},"uagb_author_info":{"display_name":"hamsatech@yahoo.com","author_link":"https:\/\/old.hamsatech-eg.com\/?author=0"},"uagb_comment_info":0,"uagb_excerpt":"DS-2CE16H0T-ITPF 5 MP Fixed Mini Bullet Camera 5 MP bullet camera EXIR 2.0: advanced infrared technology with 25 m IR distance Water and dust resistant (IP67) 4 in 1 (4 signals switchable TVI\/AHD\/CVI\/CVBS)","_links":{"self":[{"href":"https:\/\/old.hamsatech-eg.com\/index.php?rest_route=\/wp\/v2\/product\/1934","targetHints":{"allow":["GET"]}}],"collection":[{"href":"https:\/\/old.hamsatech-eg.com\/index.php?rest_route=\/wp\/v2\/product"}],"about":[{"href":"https:\/\/old.hamsatech-eg.com\/index.php?rest_route=\/wp\/v2\/types\/product"}],"replies":[{"embeddable":true,"href":"https:\/\/old.hamsatech-eg.com\/index.php?rest_route=%2Fwp%2Fv2%2Fcomments&post=1934"}],"wp:featuredmedia":[{"embeddable":true,"href":"https:\/\/old.hamsatech-eg.com\/index.php?rest_route=\/wp\/v2\/media\/1935"}],"wp:attachment":[{"href":"https:\/\/old.hamsatech-eg.com\/index.php?rest_route=%2Fwp%2Fv2%2Fmedia&parent=1934"}],"wp:term":[{"taxonomy":"product_cat","embeddable":true,"href":"https:\/\/old.hamsatech-eg.com\/index.php?rest_route=%2Fwp%2Fv2%2Fproduct_cat&post=1934"},{"taxonomy":"product_tag","embeddable":true,"href":"https:\/\/old.hamsatech-eg.com\/index.php?rest_route=%2Fwp%2Fv2%2Fproduct_tag&post=1934"}],"curies":[{"name":"wp","href":"https:\/\/api.w.org\/{rel}","templated":true}]}}