{"id":1932,"date":"2022-12-28T09:34:51","date_gmt":"2022-12-28T09:34:51","guid":{"rendered":"https:\/\/old.hamsatech-eg.com\/?post_type=product&#038;p=1932"},"modified":"2024-03-04T14:06:52","modified_gmt":"2024-03-04T14:06:52","slug":"5-mp-indoor-fixed-turret-camera","status":"publish","type":"product","link":"https:\/\/old.hamsatech-eg.com\/?product=5-mp-indoor-fixed-turret-camera","title":{"rendered":"5 MP Audio Indoor Fixed Turret Camera"},"content":{"rendered":"<p>Camera<br \/>\nImage Sensor 5 MP CMOS<br \/>\nSignal System PAL\/NTSC<br \/>\nZ\u011e\u0190\u017d\u016f\u01b5\u019f\u017dn 2560 (H) \u00d7 1944 (V)<br \/>\nFrame Rate<br \/>\nTVI: 5MP@20fps, 4MP@30fps, 4MP@25fps, 1080P@30fps, 1080P@25fps<br \/>\nCVI: 4MP@30fps, 4MP@25fps<br \/>\nAHD: 5MP@20fps, 4MP@30fps, 4MP@25fps<br \/>\nCVBS: PAL\/NTSC<br \/>\nMin. \u015d\u016f\u016f\u01b5m\u015dn\u0102\u019f\u017dn 0.01 Lux@(F1.2, AGC ON), 0 Lux with IR<br \/>\n^\u015a\u01b5\u01a9\u011e\u018c Time PAL: 1\/25 s to 1\/50, 000 s<br \/>\nNTSC: 1\/30 s to 1\/50, 000 s<br \/>\nLens 2.8 mm, 3.6 mm, 6 mm \u012e\u01c6\u011e\u011a lens<br \/>\nField of View<br \/>\n2.8 mm, horizontal FOV: 85.5\u00b0, \u01c0\u011e\u018c\u019f\u0110\u0102\u016f FOV: 63.7\u00b0, diagonal FOV: 110.7\u00b0<br \/>\n3.6 mm, horizontal FOV: 80.1\u00b0, \u01c0\u011e\u018c\u019f\u0110\u0102\u016f FOV: 63.7\u00b0, diagonal FOV: 105.9\u00b0<br \/>\n6 mm, horizontal FOV: 57.1\u00b0, \u01c0\u011e\u018c\u019f\u0110\u0102\u016f FOV: 43.1\u00b0, diagonal FOV: 72.5\u00b0<br \/>\nLens Mount M12<br \/>\nDay &amp; Night ICR<br \/>\nWDR (Wide Dynamic Range) Digital WDR<br \/>\nAudio Built-in mic<br \/>\nAngle Adjustment Pan: 0 to 360\u00b0, Tilt: 0 to 75\u00b0, 0 to 360\u00b0<\/p>\n","protected":false},"excerpt":{"rendered":"<h6 class=\"title \">DS-2CE76H0T-ITPFS<\/h6>\n<p class=\"prod_name\"><span class=\"prod_name-content\">5 MP Audio Indoor Fixed Turret Camera<\/span><\/p>\n<ul class=\"product_description_item-list\">\n<li class=\"product_description_item\">5 MP, 2560 \u00d7 1944 resolution<\/li>\n<li class=\"product_description_item\">Digital WDR<\/li>\n<li class=\"product_description_item\">2.8 mm, 3.6 mm, 6 mm fixed focal lens<\/li>\n<li class=\"product_description_item\">Smart IR, up to 20 m IR distance<\/li>\n<li class=\"product_description_item\">Audio over coaxial cable, built-in mic<\/li>\n<li class=\"product_description_item\">4 in 1 video output (switchable TVI\/AHD\/CVI\/CVBS)<\/li>\n<\/ul>\n","protected":false},"featured_media":3311,"comment_status":"open","ping_status":"closed","template":"","meta":{"_uag_custom_page_level_css":"","site-sidebar-layout":"default","site-content-layout":"default","ast-site-content-layout":"","site-content-style":"default","site-sidebar-style":"default","ast-global-header-display":"","ast-banner-title-visibility":"","ast-main-header-display":"","ast-hfb-above-header-display":"","ast-hfb-below-header-display":"","ast-hfb-mobile-header-display":"","site-post-title":"","ast-breadcrumbs-content":"","ast-featured-img":"","footer-sml-layout":"","theme-transparent-header-meta":"default","adv-header-id-meta":"","stick-header-meta":"","header-above-stick-meta":"","header-main-stick-meta":"","header-below-stick-meta":"","astra-migrate-meta-layouts":"default","ast-page-background-enabled":"default","ast-page-background-meta":{"desktop":{"background-color":"","background-image":"","background-repeat":"repeat","background-position":"center center","background-size":"auto","background-attachment":"scroll","background-type":"","background-media":"","overlay-type":"","overlay-color":"","overlay-gradient":""},"tablet":{"background-color":"","background-image":"","background-repeat":"repeat","background-position":"center center","background-size":"auto","background-attachment":"scroll","background-type":"","background-media":"","overlay-type":"","overlay-color":"","overlay-gradient":""},"mobile":{"background-color":"","background-image":"","background-repeat":"repeat","background-position":"center center","background-size":"auto","background-attachment":"scroll","background-type":"","background-media":"","overlay-type":"","overlay-color":"","overlay-gradient":""}},"ast-content-background-meta":{"desktop":{"background-color":"var(--ast-global-color-5)","background-image":"","background-repeat":"repeat","background-position":"center center","background-size":"auto","background-attachment":"scroll","background-type":"","background-media":"","overlay-type":"","overlay-color":"","overlay-gradient":""},"tablet":{"background-color":"var(--ast-global-color-5)","background-image":"","background-repeat":"repeat","background-position":"center center","background-size":"auto","background-attachment":"scroll","background-type":"","background-media":"","overlay-type":"","overlay-color":"","overlay-gradient":""},"mobile":{"background-color":"var(--ast-global-color-5)","background-image":"","background-repeat":"repeat","background-position":"center center","background-size":"auto","background-attachment":"scroll","background-type":"","background-media":"","overlay-type":"","overlay-color":"","overlay-gradient":""}}},"product_cat":[39],"product_tag":[289,293,448,295,446,465],"class_list":{"0":"post-1932","1":"product","2":"type-product","3":"status-publish","4":"has-post-thumbnail","6":"product_cat-hikvision-en","7":"product_tag-hikvision","8":"product_tag-security-camera","9":"product_tag-smart-home-camera","10":"product_tag-295","11":"product_tag-446","12":"product_tag----en","13":"desktop-align-left","14":"tablet-align-left","15":"mobile-align-left","17":"first","18":"instock","19":"shipping-taxable","20":"purchasable","21":"product-type-simple"},"uagb_featured_image_src":{"full":["https:\/\/old.hamsatech-eg.com\/wp-content\/uploads\/2023\/02\/DS-2CE76H0T-ITPFS.png.thumb_.1280.1280.webp",500,515,false],"thumbnail":["https:\/\/old.hamsatech-eg.com\/wp-content\/uploads\/2023\/02\/DS-2CE76H0T-ITPFS.png.thumb_.1280.1280-150x150.webp",150,150,true],"medium":["https:\/\/old.hamsatech-eg.com\/wp-content\/uploads\/2023\/02\/DS-2CE76H0T-ITPFS.png.thumb_.1280.1280-291x300.webp",291,300,true],"medium_large":["https:\/\/old.hamsatech-eg.com\/wp-content\/uploads\/2023\/02\/DS-2CE76H0T-ITPFS.png.thumb_.1280.1280.webp",500,515,false],"large":["https:\/\/old.hamsatech-eg.com\/wp-content\/uploads\/2023\/02\/DS-2CE76H0T-ITPFS.png.thumb_.1280.1280.webp",500,515,false],"1536x1536":["https:\/\/old.hamsatech-eg.com\/wp-content\/uploads\/2023\/02\/DS-2CE76H0T-ITPFS.png.thumb_.1280.1280.webp",500,515,false],"2048x2048":["https:\/\/old.hamsatech-eg.com\/wp-content\/uploads\/2023\/02\/DS-2CE76H0T-ITPFS.png.thumb_.1280.1280.webp",500,515,false],"woocommerce_thumbnail":["https:\/\/old.hamsatech-eg.com\/wp-content\/uploads\/2023\/02\/DS-2CE76H0T-ITPFS.png.thumb_.1280.1280-300x300.webp",300,300,true],"woocommerce_single":["https:\/\/old.hamsatech-eg.com\/wp-content\/uploads\/2023\/02\/DS-2CE76H0T-ITPFS.png.thumb_.1280.1280.webp",500,515,false],"woocommerce_gallery_thumbnail":["https:\/\/old.hamsatech-eg.com\/wp-content\/uploads\/2023\/02\/DS-2CE76H0T-ITPFS.png.thumb_.1280.1280-100x100.webp",100,100,true]},"uagb_author_info":{"display_name":"hamsatech@yahoo.com","author_link":"https:\/\/old.hamsatech-eg.com\/?author=0"},"uagb_comment_info":0,"uagb_excerpt":"DS-2CE76H0T-ITPFS 5 MP Audio Indoor Fixed Turret Camera 5 MP, 2560 \u00d7 1944 resolution Digital WDR 2.8 mm, 3.6 mm, 6 mm fixed focal lens Smart IR, up to 20 m IR distance Audio over coaxial cable, built-in mic 4 in 1 video output (switchable TVI\/AHD\/CVI\/CVBS)","_links":{"self":[{"href":"https:\/\/old.hamsatech-eg.com\/index.php?rest_route=\/wp\/v2\/product\/1932","targetHints":{"allow":["GET"]}}],"collection":[{"href":"https:\/\/old.hamsatech-eg.com\/index.php?rest_route=\/wp\/v2\/product"}],"about":[{"href":"https:\/\/old.hamsatech-eg.com\/index.php?rest_route=\/wp\/v2\/types\/product"}],"replies":[{"embeddable":true,"href":"https:\/\/old.hamsatech-eg.com\/index.php?rest_route=%2Fwp%2Fv2%2Fcomments&post=1932"}],"wp:featuredmedia":[{"embeddable":true,"href":"https:\/\/old.hamsatech-eg.com\/index.php?rest_route=\/wp\/v2\/media\/3311"}],"wp:attachment":[{"href":"https:\/\/old.hamsatech-eg.com\/index.php?rest_route=%2Fwp%2Fv2%2Fmedia&parent=1932"}],"wp:term":[{"taxonomy":"product_cat","embeddable":true,"href":"https:\/\/old.hamsatech-eg.com\/index.php?rest_route=%2Fwp%2Fv2%2Fproduct_cat&post=1932"},{"taxonomy":"product_tag","embeddable":true,"href":"https:\/\/old.hamsatech-eg.com\/index.php?rest_route=%2Fwp%2Fv2%2Fproduct_tag&post=1932"}],"curies":[{"name":"wp","href":"https:\/\/api.w.org\/{rel}","templated":true}]}}