{"id":1928,"date":"2022-12-28T09:28:21","date_gmt":"2022-12-28T09:28:21","guid":{"rendered":"https:\/\/old.hamsatech-eg.com\/?post_type=product&#038;p=1928"},"modified":"2023-08-01T14:18:03","modified_gmt":"2023-08-01T14:18:03","slug":"ids-7204huhi-m2","status":"publish","type":"product","link":"https:\/\/old.hamsatech-eg.com\/?product=ids-7204huhi-m2","title":{"rendered":"DVR 7104HGHI-F1"},"content":{"rendered":"<ul class=\"tech-specs-items-description\" data-target=\"Recording\">\n<li class=\"tech-specs-items-description-list\"><span class=\"tech-specs-items-description__title--heading\">Recording<\/span><\/li>\n<li class=\"tech-specs-items-description-list\"><span class=\"tech-specs-items-description__title\">Video Compression<\/span><span class=\"tech-specs-items-description__title-details\">H.264+\/H.264<\/span><\/li>\n<li class=\"tech-specs-items-description-list\"><span class=\"tech-specs-items-description__title\">Encoding Resolution<\/span>\n<p class=\"mb-p\">When 1080p Lite mode not enabled: 720p\/WD1\/4CIF\/VGA\/CIF<\/p>\n<p class=\"mb-p\">When 1080p Lite mode enabled: 1080p lite\/720p\/WD1\/4CIF\/VGA\/CIF<\/p>\n<p class=\"mb-p\">\n<\/li>\n<li class=\"tech-specs-items-description-list\"><span class=\"tech-specs-items-description__title\">Frame Rate<\/span>\n<p class=\"mb-p\">Main stream:<\/p>\n<p class=\"mb-p\">When 1080p Lite mode not enabled:<\/p>\n<p class=\"mb-p\">For 720p stream access: 720p\/WD1\/4CIF\/VGA\/CIF@25fps (P)\/30fps (N)<\/p>\n<p class=\"mb-p\">When 1080p Lite mode enabled:<\/p>\n<p class=\"mb-p\">1080p lite\/720p\/WD1\/4CIF\/VGA\/CIF@25fps (P)\/30fps (N)<\/p>\n<p class=\"mb-p\">Sub-stream:<\/p>\n<p class=\"mb-p\">2CIF@6fps; CIF\/QVGA\/QCIF@ 25fps (P)\/30fps (N)<\/p>\n<p class=\"mb-p\">\n<\/li>\n<li class=\"tech-specs-items-description-list\"><span class=\"tech-specs-items-description__title\">Video Bit Rate<\/span><span class=\"tech-specs-items-description__title-details\">32 Kbps to 4 Mbps<\/span><\/li>\n<li class=\"tech-specs-items-description-list\"><span class=\"tech-specs-items-description__title\">Dual Stream<\/span><span class=\"tech-specs-items-description__title-details\">Support<\/span><\/li>\n<li class=\"tech-specs-items-description-list\"><span class=\"tech-specs-items-description__title\">Stream Type<\/span><span class=\"tech-specs-items-description__title-details\">Video, Video &amp; Audio<\/span><\/li>\n<li class=\"tech-specs-items-description-list\"><span class=\"tech-specs-items-description__title\">Audio Compression<\/span><span class=\"tech-specs-items-description__title-details\">G.711u<\/span><\/li>\n<li class=\"tech-specs-items-description-list\"><span class=\"tech-specs-items-description__title\">Audio Bit Rate<\/span><span class=\"tech-specs-items-description__title-details\">64 Kbps<\/span><\/li>\n<\/ul>\n<ul class=\"tech-specs-items-description\" data-target=\"Video and Audio\">\n<li class=\"tech-specs-items-description-list\"><span class=\"tech-specs-items-description__title--heading\">Video And Audio<\/span><\/li>\n<li class=\"tech-specs-items-description-list\"><span class=\"tech-specs-items-description__title\">IP Video Input<\/span><span class=\"tech-specs-items-description__title-details\">Up to 4-ch Up to 960p resolution Support H.264+\/H.264 IP cameras<\/span><\/li>\n<li class=\"tech-specs-items-description-list\"><span class=\"tech-specs-items-description__title\">Analog Video Input<\/span><span class=\"tech-specs-items-description__title-details\">4-ch BNC interface (1.0 Vp-p, 75 \u03a9), supporting coaxitron connection<\/span><\/li>\n<li class=\"tech-specs-items-description-list\"><span class=\"tech-specs-items-description__title\">Turbo HD Input<\/span><span class=\"tech-specs-items-description__title-details\">1080p25, 1080p30, 720p25, 720p30<\/span><\/li>\n<li class=\"tech-specs-items-description-list\"><span class=\"tech-specs-items-description__title\">AHD Input<\/span><span class=\"tech-specs-items-description__title-details\">1080p25, 1080p30, 720p25, 720p30<\/span><\/li>\n<li class=\"tech-specs-items-description-list\"><span class=\"tech-specs-items-description__title\">HDCVI Input<\/span><span class=\"tech-specs-items-description__title-details\">1080p25, 1080p30, 720p25, 720p30<\/span><\/li>\n<li class=\"tech-specs-items-description-list\"><span class=\"tech-specs-items-description__title\">CVBS Input<\/span><span class=\"tech-specs-items-description__title-details\">Support<\/span><\/li>\n<li class=\"tech-specs-items-description-list\"><span class=\"tech-specs-items-description__title\">Audio Input<\/span><span class=\"tech-specs-items-description__title-details\">1-ch, RCA (2.0 Vp-p, 1 K\u03a9)<\/span><\/li>\n<li class=\"tech-specs-items-description-list\"><span class=\"tech-specs-items-description__title\">Audio Output<\/span><span class=\"tech-specs-items-description__title-details\">1-ch, RCA (Linear, 1 K\u03a9)<\/span><\/li>\n<li class=\"tech-specs-items-description-list\"><span class=\"tech-specs-items-description__title\">Two-Way Audio<\/span><span class=\"tech-specs-items-description__title-details\">Reuse the first audio input<\/span><\/li>\n<li class=\"tech-specs-items-description-list\"><span class=\"tech-specs-items-description__title\">Synchronous Playback<\/span><span class=\"tech-specs-items-description__title-details\">4-ch<\/span><\/li>\n<li class=\"tech-specs-items-description-list\"><span class=\"tech-specs-items-description__title\">VGA\/HDMI Output<\/span><span class=\"tech-specs-items-description__title-details\">1-ch, 1920 \u00d7 1080\/60Hz, 1280 \u00d7 1024\/60Hz, 1280 \u00d7 720\/60Hz, 1024 \u00d7 768\/60Hz<\/span><\/li>\n<\/ul>\n<ul class=\"tech-specs-items-description\" data-target=\"Network\">\n<li class=\"tech-specs-items-description-list\"><span class=\"tech-specs-items-description__title--heading\">Network<\/span><\/li>\n<li class=\"tech-specs-items-description-list\"><span class=\"tech-specs-items-description__title\">Remote Connections<\/span><span class=\"tech-specs-items-description__title-details\">32<\/span><\/li>\n<li class=\"tech-specs-items-description-list\"><span class=\"tech-specs-items-description__title\">Network Protocols<\/span><span class=\"tech-specs-items-description__title-details\">TCP\/IP, PPPoE, DHCP, Hik-Connect, DNS, DDNS, NTP, SADP, SMTP, NFS, iSCSI, UPnP\u2122, HTTPS<\/span><\/li>\n<li class=\"tech-specs-items-description-list\"><span class=\"tech-specs-items-description__title\">Network Interface<\/span><span class=\"tech-specs-items-description__title-details\">1, RJ45 10M\/100M self-adaptive Ethernet interface<\/span><\/li>\n<\/ul>\n<ul class=\"tech-specs-items-description\" data-target=\"Auxiliary interface\">\n<li class=\"tech-specs-items-description-list\"><span class=\"tech-specs-items-description__title--heading\">Auxiliary Interface<\/span><\/li>\n<li class=\"tech-specs-items-description-list\"><span class=\"tech-specs-items-description__title\">SATA<\/span><span class=\"tech-specs-items-description__title-details\">SATA<\/span><\/li>\n<li class=\"tech-specs-items-description-list\"><span class=\"tech-specs-items-description__title\">Capacity<\/span><span class=\"tech-specs-items-description__title-details\">Up to 6 TB capacity for each disk<\/span><\/li>\n<li class=\"tech-specs-items-description-list\"><span class=\"tech-specs-items-description__title\">Alarm In\/Out<\/span><span class=\"tech-specs-items-description__title-details\">N\/A<\/span><\/li>\n<li class=\"tech-specs-items-description-list\"><span class=\"tech-specs-items-description__title\">USB Interface<\/span><span class=\"tech-specs-items-description__title-details\">Rear panel: 2 \u00d7 USB 2.0<\/span><\/li>\n<\/ul>\n<ul class=\"tech-specs-items-description\" data-target=\"General\">\n<li class=\"tech-specs-items-description-list\"><span class=\"tech-specs-items-description__title--heading\">General<\/span><\/li>\n<li class=\"tech-specs-items-description-list\"><span class=\"tech-specs-items-description__title\">Power Supply<\/span><span class=\"tech-specs-items-description__title-details\">12 VDC<\/span><\/li>\n<li class=\"tech-specs-items-description-list\"><span class=\"tech-specs-items-description__title\">Consumption (Without HDD)<\/span><span class=\"tech-specs-items-description__title-details\">\u2264 8 W<\/span><\/li>\n<li class=\"tech-specs-items-description-list\"><span class=\"tech-specs-items-description__title\">Working Temperature<\/span><span class=\"tech-specs-items-description__title-details\">-10 \u00b0C to 55 \u00b0C (14 \u00b0F to 131 \u00b0F)<\/span><\/li>\n<li class=\"tech-specs-items-description-list\"><span class=\"tech-specs-items-description__title\">Working Humidity<\/span><span class=\"tech-specs-items-description__title-details\">10% to 90%<\/span><\/li>\n<li class=\"tech-specs-items-description-list\"><span class=\"tech-specs-items-description__title\">Dimensions (W \u00d7 D \u00d7 H)<\/span><span class=\"tech-specs-items-description__title-details\">200 \u00d7 200 \u00d7 45 mm (7.9 \u00d7 7.9 \u00d7 1.8 inch)<\/span><\/li>\n<li class=\"tech-specs-items-description-list\"><span class=\"tech-specs-items-description__title\">Weights (Without HDD)<\/span><span class=\"tech-specs-items-description__title-details\">\u2264 0.8 kg (1.8 lb)<\/span><\/li>\n<\/ul>\n","protected":false},"excerpt":{"rendered":"<h2 class=\"prod_name\"><span class=\"prod_name-content\">4-ch 1080p Mini 1U Lite H.264 DVR<\/span><\/h2>\n<ul class=\"product_description_item-list\">\n<li class=\"product_description_item\">4 channels and 1 HDD mini size DVR<\/li>\n<li class=\"product_description_item\">H.264+ \/ H.264 video compression<\/li>\n<li class=\"product_description_item\">Encoding ability up to 1080p lite @ 25\/30 fps<\/li>\n<li class=\"product_description_item\">5 signals input adaptively (HDTVI\/AHD\/CVI\/CVBS\/IP)<\/li>\n<li class=\"product_description_item\">Up to 5 network cameras can be connected;<\/li>\n<\/ul>\n","protected":false},"featured_media":3318,"comment_status":"open","ping_status":"closed","template":"","meta":{"_uag_custom_page_level_css":"","site-sidebar-layout":"default","site-content-layout":"default","ast-site-content-layout":"","site-content-style":"default","site-sidebar-style":"default","ast-global-header-display":"","ast-banner-title-visibility":"","ast-main-header-display":"","ast-hfb-above-header-display":"","ast-hfb-below-header-display":"","ast-hfb-mobile-header-display":"","site-post-title":"","ast-breadcrumbs-content":"","ast-featured-img":"","footer-sml-layout":"","theme-transparent-header-meta":"default","adv-header-id-meta":"","stick-header-meta":"","header-above-stick-meta":"","header-main-stick-meta":"","header-below-stick-meta":"","astra-migrate-meta-layouts":"default","ast-page-background-enabled":"default","ast-page-background-meta":{"desktop":{"background-color":"","background-image":"","background-repeat":"repeat","background-position":"center center","background-size":"auto","background-attachment":"scroll","background-type":"","background-media":"","overlay-type":"","overlay-color":"","overlay-gradient":""},"tablet":{"background-color":"","background-image":"","background-repeat":"repeat","background-position":"center center","background-size":"auto","background-attachment":"scroll","background-type":"","background-media":"","overlay-type":"","overlay-color":"","overlay-gradient":""},"mobile":{"background-color":"","background-image":"","background-repeat":"repeat","background-position":"center center","background-size":"auto","background-attachment":"scroll","background-type":"","background-media":"","overlay-type":"","overlay-color":"","overlay-gradient":""}},"ast-content-background-meta":{"desktop":{"background-color":"var(--ast-global-color-5)","background-image":"","background-repeat":"repeat","background-position":"center center","background-size":"auto","background-attachment":"scroll","background-type":"","background-media":"","overlay-type":"","overlay-color":"","overlay-gradient":""},"tablet":{"background-color":"var(--ast-global-color-5)","background-image":"","background-repeat":"repeat","background-position":"center center","background-size":"auto","background-attachment":"scroll","background-type":"","background-media":"","overlay-type":"","overlay-color":"","overlay-gradient":""},"mobile":{"background-color":"var(--ast-global-color-5)","background-image":"","background-repeat":"repeat","background-position":"center center","background-size":"auto","background-attachment":"scroll","background-type":"","background-media":"","overlay-type":"","overlay-color":"","overlay-gradient":""}}},"product_cat":[39],"product_tag":[291,293,448,574,297,295,465],"class_list":{"0":"post-1928","1":"product","2":"type-product","3":"status-publish","4":"has-post-thumbnail","6":"product_cat-hikvision-en","7":"product_tag-camera","8":"product_tag-security-camera","9":"product_tag-smart-home-camera","10":"product_tag-574","11":"product_tag-297","12":"product_tag-295","13":"product_tag----en","14":"desktop-align-left","15":"tablet-align-left","16":"mobile-align-left","18":"first","19":"instock","20":"shipping-taxable","21":"purchasable","22":"product-type-simple"},"uagb_featured_image_src":{"full":["https:\/\/old.hamsatech-eg.com\/wp-content\/uploads\/2022\/12\/1e2c79d45153f81750fa7715f3acbe88.jpg",500,500,false],"thumbnail":["https:\/\/old.hamsatech-eg.com\/wp-content\/uploads\/2022\/12\/1e2c79d45153f81750fa7715f3acbe88-150x150.jpg",150,150,true],"medium":["https:\/\/old.hamsatech-eg.com\/wp-content\/uploads\/2022\/12\/1e2c79d45153f81750fa7715f3acbe88-300x300.jpg",300,300,true],"medium_large":["https:\/\/old.hamsatech-eg.com\/wp-content\/uploads\/2022\/12\/1e2c79d45153f81750fa7715f3acbe88.jpg",500,500,false],"large":["https:\/\/old.hamsatech-eg.com\/wp-content\/uploads\/2022\/12\/1e2c79d45153f81750fa7715f3acbe88.jpg",500,500,false],"1536x1536":["https:\/\/old.hamsatech-eg.com\/wp-content\/uploads\/2022\/12\/1e2c79d45153f81750fa7715f3acbe88.jpg",500,500,false],"2048x2048":["https:\/\/old.hamsatech-eg.com\/wp-content\/uploads\/2022\/12\/1e2c79d45153f81750fa7715f3acbe88.jpg",500,500,false],"woocommerce_thumbnail":["https:\/\/old.hamsatech-eg.com\/wp-content\/uploads\/2022\/12\/1e2c79d45153f81750fa7715f3acbe88-300x300.jpg",300,300,true],"woocommerce_single":["https:\/\/old.hamsatech-eg.com\/wp-content\/uploads\/2022\/12\/1e2c79d45153f81750fa7715f3acbe88.jpg",500,500,false],"woocommerce_gallery_thumbnail":["https:\/\/old.hamsatech-eg.com\/wp-content\/uploads\/2022\/12\/1e2c79d45153f81750fa7715f3acbe88-100x100.jpg",100,100,true]},"uagb_author_info":{"display_name":"hamsatech@yahoo.com","author_link":"https:\/\/old.hamsatech-eg.com\/?author=0"},"uagb_comment_info":0,"uagb_excerpt":"4-ch 1080p Mini 1U Lite H.264 DVR 4 channels and 1 HDD mini size DVR H.264+ \/ H.264 video compression Encoding ability up to 1080p lite @ 25\/30 fps 5 signals input adaptively (HDTVI\/AHD\/CVI\/CVBS\/IP) Up to 5 network cameras can be connected;","_links":{"self":[{"href":"https:\/\/old.hamsatech-eg.com\/index.php?rest_route=\/wp\/v2\/product\/1928","targetHints":{"allow":["GET"]}}],"collection":[{"href":"https:\/\/old.hamsatech-eg.com\/index.php?rest_route=\/wp\/v2\/product"}],"about":[{"href":"https:\/\/old.hamsatech-eg.com\/index.php?rest_route=\/wp\/v2\/types\/product"}],"replies":[{"embeddable":true,"href":"https:\/\/old.hamsatech-eg.com\/index.php?rest_route=%2Fwp%2Fv2%2Fcomments&post=1928"}],"wp:featuredmedia":[{"embeddable":true,"href":"https:\/\/old.hamsatech-eg.com\/index.php?rest_route=\/wp\/v2\/media\/3318"}],"wp:attachment":[{"href":"https:\/\/old.hamsatech-eg.com\/index.php?rest_route=%2Fwp%2Fv2%2Fmedia&parent=1928"}],"wp:term":[{"taxonomy":"product_cat","embeddable":true,"href":"https:\/\/old.hamsatech-eg.com\/index.php?rest_route=%2Fwp%2Fv2%2Fproduct_cat&post=1928"},{"taxonomy":"product_tag","embeddable":true,"href":"https:\/\/old.hamsatech-eg.com\/index.php?rest_route=%2Fwp%2Fv2%2Fproduct_tag&post=1928"}],"curies":[{"name":"wp","href":"https:\/\/api.w.org\/{rel}","templated":true}]}}